{"id":29349,"date":"2022-08-31T14:19:44","date_gmt":"2022-08-31T14:19:44","guid":{"rendered":"https:\/\/armarketingdigital.com\/?page_id=29349"},"modified":"2022-10-18T14:27:22","modified_gmt":"2022-10-18T14:27:22","slug":"agendar","status":"publish","type":"page","link":"https:\/\/armarketingdigital.com\/en\/agendar\/","title":{"rendered":"Landing Septiembre segundo paso"},"content":{"rendered":"<div data-elementor-type=\"wp-page\" data-elementor-id=\"29349\" class=\"elementor elementor-29349\" data-elementor-post-type=\"page\">\n\t\t\t\t\t\t<section class=\"elementor-section elementor-top-section elementor-element elementor-element-9caf720 elementor-section-boxed elementor-section-height-default elementor-section-height-default\" data-id=\"9caf720\" data-element_type=\"section\" data-e-type=\"section\" data-settings=\"{&quot;background_background&quot;:&quot;classic&quot;}\">\n\t\t\t\t\t\t<div class=\"elementor-container elementor-column-gap-default\">\n\t\t\t\t\t<div class=\"elementor-column elementor-col-100 elementor-top-column elementor-element elementor-element-671edc9\" data-id=\"671edc9\" data-element_type=\"column\" data-e-type=\"column\">\n\t\t\t<div class=\"elementor-widget-wrap elementor-element-populated\">\n\t\t\t\t\t\t<div class=\"elementor-element elementor-element-caccfd4 de_scroll_animation_no elementor-widget elementor-widget-image\" data-id=\"caccfd4\" data-element_type=\"widget\" data-e-type=\"widget\" data-widget_type=\"image.default\">\n\t\t\t\t<div class=\"elementor-widget-container\">\n\t\t\t\t\t\t\t\t\t\t\t\t\t\t\t<img fetchpriority=\"high\" decoding=\"async\" width=\"800\" height=\"169\" src=\"https:\/\/armarketingdigital.com\/wp-content\/uploads\/2022\/07\/Recurso-1ldpi.png\" class=\"attachment-large size-large wp-image-28431\" alt=\"\" srcset=\"https:\/\/armarketingdigital.com\/wp-content\/uploads\/2022\/07\/Recurso-1ldpi.png 808w, https:\/\/armarketingdigital.com\/wp-content\/uploads\/2022\/07\/Recurso-1ldpi-600x127.png 600w, https:\/\/armarketingdigital.com\/wp-content\/uploads\/2022\/07\/Recurso-1ldpi-300x63.png 300w, https:\/\/armarketingdigital.com\/wp-content\/uploads\/2022\/07\/Recurso-1ldpi-768x163.png 768w\" sizes=\"(max-width: 800px) 100vw, 800px\" \/>\t\t\t\t\t\t\t\t\t\t\t\t\t\t\t<\/div>\n\t\t\t\t<\/div>\n\t\t\t\t<div class=\"elementor-element elementor-element-1c539c2 de_scroll_animation_no elementor-widget elementor-widget-text-editor\" data-id=\"1c539c2\" data-element_type=\"widget\" data-e-type=\"widget\" data-widget_type=\"text-editor.default\">\n\t\t\t\t<div class=\"elementor-widget-container\">\n\t\t\t\t\t\t\t\t\tEstas a un paso de tu <span style=\"color: #ffd216;\"> Sesi\u00f3n de CLaridad<\/span>\t\t\t\t\t\t\t\t<\/div>\n\t\t\t\t<\/div>\n\t\t\t\t<div class=\"elementor-element elementor-element-53359f3 de_scroll_animation_no elementor-widget elementor-widget-text-editor\" data-id=\"53359f3\" data-element_type=\"widget\" data-e-type=\"widget\" data-widget_type=\"text-editor.default\">\n\t\t\t\t<div class=\"elementor-widget-container\">\n\t\t\t\t\t\t\t\t\t<p>Por favor selecciona un d\u00eda y hora para tu sesi\u00f3n en el calendario debajo.<\/p>\t\t\t\t\t\t\t\t<\/div>\n\t\t\t\t<\/div>\n\t\t\t\t<div class=\"elementor-element elementor-element-b8da2a5 de_scroll_animation_no elementor-widget elementor-widget-text-editor\" data-id=\"b8da2a5\" data-element_type=\"widget\" data-e-type=\"widget\" data-widget_type=\"text-editor.default\">\n\t\t\t\t<div class=\"elementor-widget-container\">\n\t\t\t\t\t\t\t\t\t<p>En esta\u00a0<strong>llamada gratuita<\/strong>\u00a0vamos a sentarnos\u00a0<strong>analizar tu negocio<\/strong>\u00a0para darte claridad en que est\u00e1 fallando, el\u00a0<strong>plan de acci\u00f3n<\/strong>\u00a0para resolverlo y definir si podemos\u00a0<strong>ayudarte a generar prospectos semanales<\/strong>,\u00a0<strong>garantizado por contrato<\/strong>.<\/p>\t\t\t\t\t\t\t\t<\/div>\n\t\t\t\t<\/div>\n\t\t\t\t<div class=\"elementor-element elementor-element-19bd841 de_scroll_animation_no elementor-widget elementor-widget-text-editor\" data-id=\"19bd841\" data-element_type=\"widget\" data-e-type=\"widget\" data-widget_type=\"text-editor.default\">\n\t\t\t\t<div class=\"elementor-widget-container\">\n\t\t\t\t\t\t\t\t\t<p>Selecciona un d\u00eda y hora para tu llamada.\u00a0<strong>Las horas se muestran en tu horario local.<\/strong>\u00a0Si no encuentras un horario en el que tengas libre, escr\u00edbenos por WhatsApp\u00a0<a href=\"https:\/\/wa.link\/t5wzqt\" target=\"_blank\" rel=\"noopener\">tocando aqu\u00ed<\/a>.<\/p>\t\t\t\t\t\t\t\t<\/div>\n\t\t\t\t<\/div>\n\t\t\t\t\t<\/div>\n\t\t<\/div>\n\t\t\t\t\t<\/div>\n\t\t<\/section>\n\t\t\t\t<section class=\"elementor-section elementor-top-section elementor-element elementor-element-242a985 elementor-section-boxed elementor-section-height-default elementor-section-height-default\" data-id=\"242a985\" data-element_type=\"section\" data-e-type=\"section\">\n\t\t\t\t\t\t<div class=\"elementor-container elementor-column-gap-default\">\n\t\t\t\t\t<div class=\"elementor-column elementor-col-100 elementor-top-column elementor-element elementor-element-caffcf1\" data-id=\"caffcf1\" data-element_type=\"column\" data-e-type=\"column\">\n\t\t\t<div class=\"elementor-widget-wrap elementor-element-populated\">\n\t\t\t\t\t\t<div class=\"elementor-element elementor-element-5d88295 de_scroll_animation_no elementor-widget elementor-widget-html\" data-id=\"5d88295\" data-element_type=\"widget\" data-e-type=\"widget\" data-widget_type=\"html.default\">\n\t\t\t\t<div class=\"elementor-widget-container\">\n\t\t\t\t\t<!-- Principio del widget integrado de Calendly -->\r\n<div class=\"calendly-inline-widget\" data-url=\"https:\/\/calendly.com\/ar_marketingdigital\/asesoria\" style=\"min-width:320px;height:680px;\"><\/div>\r\n<script type=\"text\/javascript\" src=\"https:\/\/assets.calendly.com\/assets\/external\/widget.js\" async><\/script>\r\n<!-- Final del widget integrado de Calendly -->\t\t\t\t<\/div>\n\t\t\t\t<\/div>\n\t\t\t\t\t<\/div>\n\t\t<\/div>\n\t\t\t\t\t<\/div>\n\t\t<\/section>\n\t\t\t\t<section class=\"elementor-section elementor-top-section elementor-element elementor-element-bc85703 elementor-section-boxed elementor-section-height-default elementor-section-height-default\" data-id=\"bc85703\" data-element_type=\"section\" data-e-type=\"section\" data-settings=\"{&quot;background_background&quot;:&quot;classic&quot;}\">\n\t\t\t\t\t\t<div class=\"elementor-container elementor-column-gap-default\">\n\t\t\t\t\t<div class=\"elementor-column elementor-col-100 elementor-top-column elementor-element elementor-element-ff64df3\" data-id=\"ff64df3\" data-element_type=\"column\" data-e-type=\"column\">\n\t\t\t<div class=\"elementor-widget-wrap elementor-element-populated\">\n\t\t\t\t\t\t<div class=\"elementor-element elementor-element-daf0dc4 de_scroll_animation_no elementor-widget elementor-widget-image\" data-id=\"daf0dc4\" data-element_type=\"widget\" data-e-type=\"widget\" data-widget_type=\"image.default\">\n\t\t\t\t<div class=\"elementor-widget-container\">\n\t\t\t\t\t\t\t\t\t\t\t\t\t\t\t<img fetchpriority=\"high\" decoding=\"async\" width=\"800\" height=\"169\" src=\"https:\/\/armarketingdigital.com\/wp-content\/uploads\/2022\/07\/Recurso-1ldpi.png\" class=\"attachment-large size-large wp-image-28431\" alt=\"\" srcset=\"https:\/\/armarketingdigital.com\/wp-content\/uploads\/2022\/07\/Recurso-1ldpi.png 808w, https:\/\/armarketingdigital.com\/wp-content\/uploads\/2022\/07\/Recurso-1ldpi-600x127.png 600w, https:\/\/armarketingdigital.com\/wp-content\/uploads\/2022\/07\/Recurso-1ldpi-300x63.png 300w, https:\/\/armarketingdigital.com\/wp-content\/uploads\/2022\/07\/Recurso-1ldpi-768x163.png 768w\" sizes=\"(max-width: 800px) 100vw, 800px\" \/>\t\t\t\t\t\t\t\t\t\t\t\t\t\t\t<\/div>\n\t\t\t\t<\/div>\n\t\t\t\t<div class=\"elementor-element elementor-element-c39c850 de_scroll_animation_no elementor-widget elementor-widget-text-editor\" data-id=\"c39c850\" data-element_type=\"widget\" data-e-type=\"widget\" data-widget_type=\"text-editor.default\">\n\t\t\t\t<div class=\"elementor-widget-container\">\n\t\t\t\t\t\t\t\t\t<p>Copyright \u00a9 2021 Reservados todos los derechos. Hecho con \u2661 por <a href=\"https:\/\/armarketingdigital.com\/en\/\" target=\"_blank\" rel=\"noopener\">AR Marketing Digital<\/a><\/p>\t\t\t\t\t\t\t\t<\/div>\n\t\t\t\t<\/div>\n\t\t\t\t\t<\/div>\n\t\t<\/div>\n\t\t\t\t\t<\/div>\n\t\t<\/section>\n\t\t\t\t<\/div>","protected":false},"excerpt":{"rendered":"<p>Estas a un paso de tu Sesi\u00f3n de CLaridad Por favor selecciona un d\u00eda y hora para tu sesi\u00f3n en el calendario debajo. En esta\u00a0llamada gratuita\u00a0vamos a sentarnos\u00a0analizar tu negocio\u00a0para darte claridad en que est\u00e1 fallando, el\u00a0plan de acci\u00f3n\u00a0para resolverlo y definir si podemos\u00a0ayudarte a generar prospectos semanales,\u00a0garantizado por contrato. Selecciona un d\u00eda y hora [&hellip;]<\/p>\n","protected":false},"author":8,"featured_media":0,"parent":0,"menu_order":0,"comment_status":"closed","ping_status":"closed","template":"elementor_canvas","meta":{"footnotes":""},"class_list":["post-29349","page","type-page","status-publish","hentry"],"yoast_head":"<!-- This site is optimized with the Yoast SEO Premium plugin v21.7 (Yoast SEO v27.3) - https:\/\/yoast.com\/product\/yoast-seo-premium-wordpress\/ -->\n<title>Agendar Sesi\u00f3n - AR Marketing Digital<\/title>\n<meta name=\"description\" content=\"En esta llamada gratuita vamos a sentarnos analizar tu negocio para darte claridad en que est\u00e1 fallando, el plan de acci\u00f3n para resolverlo y definir si podemos ayudarte a generar prospectos semanales, garantizado por contrato.\" \/>\n<meta name=\"robots\" content=\"index, follow, max-snippet:-1, max-image-preview:large, max-video-preview:-1\" \/>\n<link rel=\"canonical\" href=\"https:\/\/armarketingdigital.com\/en\/agendar\/\" \/>\n<meta property=\"og:locale\" content=\"en_US\" \/>\n<meta property=\"og:type\" content=\"article\" \/>\n<meta property=\"og:title\" content=\"Landing Septiembre segundo paso\" \/>\n<meta property=\"og:description\" content=\"En esta llamada gratuita vamos a sentarnos analizar tu negocio para darte claridad en que est\u00e1 fallando, el plan de acci\u00f3n para resolverlo y definir si podemos ayudarte a generar prospectos semanales, garantizado por contrato.\" \/>\n<meta property=\"og:url\" content=\"https:\/\/armarketingdigital.com\/en\/agendar\/\" \/>\n<meta property=\"og:site_name\" content=\"AR Marketing Digital\" \/>\n<meta property=\"article:publisher\" content=\"https:\/\/www.facebook.com\/armarketingdigital.col\" \/>\n<meta property=\"article:modified_time\" content=\"2022-10-18T14:27:22+00:00\" \/>\n<meta property=\"og:image\" content=\"https:\/\/armarketingdigital.com\/wp-content\/uploads\/2022\/07\/Recurso-1ldpi.png\" \/>\n<meta name=\"twitter:card\" content=\"summary_large_image\" \/>\n<meta name=\"twitter:label1\" content=\"Est. reading time\" \/>\n\t<meta name=\"twitter:data1\" content=\"1 minute\" \/>\n<script type=\"application\/ld+json\" class=\"yoast-schema-graph\">{\"@context\":\"https:\\\/\\\/schema.org\",\"@graph\":[{\"@type\":\"WebPage\",\"@id\":\"https:\\\/\\\/armarketingdigital.com\\\/agendar\\\/\",\"url\":\"https:\\\/\\\/armarketingdigital.com\\\/agendar\\\/\",\"name\":\"Agendar Sesi\u00f3n - AR Marketing Digital\",\"isPartOf\":{\"@id\":\"https:\\\/\\\/armarketingdigital.com\\\/#website\"},\"primaryImageOfPage\":{\"@id\":\"https:\\\/\\\/armarketingdigital.com\\\/agendar\\\/#primaryimage\"},\"image\":{\"@id\":\"https:\\\/\\\/armarketingdigital.com\\\/agendar\\\/#primaryimage\"},\"thumbnailUrl\":\"https:\\\/\\\/armarketingdigital.com\\\/wp-content\\\/uploads\\\/2022\\\/07\\\/Recurso-1ldpi.png\",\"datePublished\":\"2022-08-31T14:19:44+00:00\",\"dateModified\":\"2022-10-18T14:27:22+00:00\",\"description\":\"En esta llamada gratuita vamos a sentarnos analizar tu negocio para darte claridad en que est\u00e1 fallando, el plan de acci\u00f3n para resolverlo y definir si podemos ayudarte a generar prospectos semanales, garantizado por contrato.\",\"breadcrumb\":{\"@id\":\"https:\\\/\\\/armarketingdigital.com\\\/agendar\\\/#breadcrumb\"},\"inLanguage\":\"en-US\",\"potentialAction\":[{\"@type\":\"ReadAction\",\"target\":[\"https:\\\/\\\/armarketingdigital.com\\\/agendar\\\/\"]}]},{\"@type\":\"ImageObject\",\"inLanguage\":\"en-US\",\"@id\":\"https:\\\/\\\/armarketingdigital.com\\\/agendar\\\/#primaryimage\",\"url\":\"https:\\\/\\\/armarketingdigital.com\\\/wp-content\\\/uploads\\\/2022\\\/07\\\/Recurso-1ldpi.png\",\"contentUrl\":\"https:\\\/\\\/armarketingdigital.com\\\/wp-content\\\/uploads\\\/2022\\\/07\\\/Recurso-1ldpi.png\"},{\"@type\":\"BreadcrumbList\",\"@id\":\"https:\\\/\\\/armarketingdigital.com\\\/agendar\\\/#breadcrumb\",\"itemListElement\":[{\"@type\":\"ListItem\",\"position\":1,\"name\":\"Portada\",\"item\":\"https:\\\/\\\/armarketingdigital.com\\\/\"},{\"@type\":\"ListItem\",\"position\":2,\"name\":\"Landing Septiembre segundo paso\"}]},{\"@type\":\"WebSite\",\"@id\":\"https:\\\/\\\/armarketingdigital.com\\\/#website\",\"url\":\"https:\\\/\\\/armarketingdigital.com\\\/\",\"name\":\"AR Marketing Digital\",\"description\":\"Somos expertos centrados en dise\u00f1os y estrategias de marketing digital, enfocados en posicionar su producto como l\u00edder del mercado. Centramos nuestra actividad en potenciar su marca para generar un v\u00ednculo con el consumidor incrementando as\u00ed el valor de su producto y los beneficios para su empresa.\",\"publisher\":{\"@id\":\"https:\\\/\\\/armarketingdigital.com\\\/#organization\"},\"potentialAction\":[{\"@type\":\"SearchAction\",\"target\":{\"@type\":\"EntryPoint\",\"urlTemplate\":\"https:\\\/\\\/armarketingdigital.com\\\/?s={search_term_string}\"},\"query-input\":{\"@type\":\"PropertyValueSpecification\",\"valueRequired\":true,\"valueName\":\"search_term_string\"}}],\"inLanguage\":\"en-US\"},{\"@type\":[\"Organization\",\"Place\"],\"@id\":\"https:\\\/\\\/armarketingdigital.com\\\/#organization\",\"name\":\"AR MARKETING DIGITAL\",\"url\":\"https:\\\/\\\/armarketingdigital.com\\\/\",\"logo\":{\"@id\":\"https:\\\/\\\/armarketingdigital.com\\\/agendar\\\/#local-main-organization-logo\"},\"image\":{\"@id\":\"https:\\\/\\\/armarketingdigital.com\\\/agendar\\\/#local-main-organization-logo\"},\"sameAs\":[\"https:\\\/\\\/www.facebook.com\\\/armarketingdigital.col\",\"https:\\\/\\\/www.instagram.com\\\/ar_marketingdigital\\\/\"],\"address\":{\"@id\":\"https:\\\/\\\/armarketingdigital.com\\\/agendar\\\/#local-main-place-address\"},\"telephone\":[\"3105324575\"],\"openingHoursSpecification\":{\"@type\":\"OpeningHoursSpecification\",\"dayOfWeek\":[\"Monday\",\"Tuesday\",\"Wednesday\",\"Thursday\",\"Friday\",\"Saturday\",\"Sunday\"],\"opens\":\"00:00\",\"closes\":\"23:59\"},\"email\":\"agencia@armarketingdigital.com\"},{\"@type\":\"PostalAddress\",\"@id\":\"https:\\\/\\\/armarketingdigital.com\\\/agendar\\\/#local-main-place-address\",\"streetAddress\":\"V\u00eda la reforma, callejon el rodadero - Casa 3, Cali, Valle del Cauca\",\"addressLocality\":\"Cali\",\"postalCode\":\"00000\",\"addressCountry\":\"CO\"},{\"@type\":\"ImageObject\",\"inLanguage\":\"en-US\",\"@id\":\"https:\\\/\\\/armarketingdigital.com\\\/agendar\\\/#local-main-organization-logo\",\"url\":\"https:\\\/\\\/armarketingdigital.com\\\/wp-content\\\/uploads\\\/2021\\\/12\\\/logo-ar.png\",\"contentUrl\":\"https:\\\/\\\/armarketingdigital.com\\\/wp-content\\\/uploads\\\/2021\\\/12\\\/logo-ar.png\",\"width\":625,\"height\":625,\"caption\":\"AR MARKETING DIGITAL\"}]}<\/script>\n<meta name=\"geo.placename\" content=\"Cali\" \/>\n<meta name=\"geo.region\" content=\"Colombia\" \/>\n<!-- \/ Yoast SEO Premium plugin. -->","yoast_head_json":{"title":"Agendar Sesi\u00f3n - AR Marketing Digital","description":"En esta llamada gratuita vamos a sentarnos analizar tu negocio para darte claridad en que est\u00e1 fallando, el plan de acci\u00f3n para resolverlo y definir si podemos ayudarte a generar prospectos semanales, garantizado por contrato.","robots":{"index":"index","follow":"follow","max-snippet":"max-snippet:-1","max-image-preview":"max-image-preview:large","max-video-preview":"max-video-preview:-1"},"canonical":"https:\/\/armarketingdigital.com\/en\/agendar\/","og_locale":"en_US","og_type":"article","og_title":"Landing Septiembre segundo paso","og_description":"En esta llamada gratuita vamos a sentarnos analizar tu negocio para darte claridad en que est\u00e1 fallando, el plan de acci\u00f3n para resolverlo y definir si podemos ayudarte a generar prospectos semanales, garantizado por contrato.","og_url":"https:\/\/armarketingdigital.com\/en\/agendar\/","og_site_name":"AR Marketing Digital","article_publisher":"https:\/\/www.facebook.com\/armarketingdigital.col","article_modified_time":"2022-10-18T14:27:22+00:00","og_image":[{"url":"https:\/\/armarketingdigital.com\/wp-content\/uploads\/2022\/07\/Recurso-1ldpi.png","type":"","width":"","height":""}],"twitter_card":"summary_large_image","twitter_misc":{"Est. reading time":"1 minute"},"schema":{"@context":"https:\/\/schema.org","@graph":[{"@type":"WebPage","@id":"https:\/\/armarketingdigital.com\/agendar\/","url":"https:\/\/armarketingdigital.com\/agendar\/","name":"Agendar Sesi\u00f3n - AR Marketing Digital","isPartOf":{"@id":"https:\/\/armarketingdigital.com\/#website"},"primaryImageOfPage":{"@id":"https:\/\/armarketingdigital.com\/agendar\/#primaryimage"},"image":{"@id":"https:\/\/armarketingdigital.com\/agendar\/#primaryimage"},"thumbnailUrl":"https:\/\/armarketingdigital.com\/wp-content\/uploads\/2022\/07\/Recurso-1ldpi.png","datePublished":"2022-08-31T14:19:44+00:00","dateModified":"2022-10-18T14:27:22+00:00","description":"En esta llamada gratuita vamos a sentarnos analizar tu negocio para darte claridad en que est\u00e1 fallando, el plan de acci\u00f3n para resolverlo y definir si podemos ayudarte a generar prospectos semanales, garantizado por contrato.","breadcrumb":{"@id":"https:\/\/armarketingdigital.com\/agendar\/#breadcrumb"},"inLanguage":"en-US","potentialAction":[{"@type":"ReadAction","target":["https:\/\/armarketingdigital.com\/agendar\/"]}]},{"@type":"ImageObject","inLanguage":"en-US","@id":"https:\/\/armarketingdigital.com\/agendar\/#primaryimage","url":"https:\/\/armarketingdigital.com\/wp-content\/uploads\/2022\/07\/Recurso-1ldpi.png","contentUrl":"https:\/\/armarketingdigital.com\/wp-content\/uploads\/2022\/07\/Recurso-1ldpi.png"},{"@type":"BreadcrumbList","@id":"https:\/\/armarketingdigital.com\/agendar\/#breadcrumb","itemListElement":[{"@type":"ListItem","position":1,"name":"Portada","item":"https:\/\/armarketingdigital.com\/"},{"@type":"ListItem","position":2,"name":"Landing Septiembre segundo paso"}]},{"@type":"WebSite","@id":"https:\/\/armarketingdigital.com\/#website","url":"https:\/\/armarketingdigital.com\/","name":"AR Marketing Digital","description":"Somos expertos centrados en dise\u00f1os y estrategias de marketing digital, enfocados en posicionar su producto como l\u00edder del mercado. Centramos nuestra actividad en potenciar su marca para generar un v\u00ednculo con el consumidor incrementando as\u00ed el valor de su producto y los beneficios para su empresa.","publisher":{"@id":"https:\/\/armarketingdigital.com\/#organization"},"potentialAction":[{"@type":"SearchAction","target":{"@type":"EntryPoint","urlTemplate":"https:\/\/armarketingdigital.com\/?s={search_term_string}"},"query-input":{"@type":"PropertyValueSpecification","valueRequired":true,"valueName":"search_term_string"}}],"inLanguage":"en-US"},{"@type":["Organization","Place"],"@id":"https:\/\/armarketingdigital.com\/#organization","name":"AR MARKETING DIGITAL","url":"https:\/\/armarketingdigital.com\/","logo":{"@id":"https:\/\/armarketingdigital.com\/agendar\/#local-main-organization-logo"},"image":{"@id":"https:\/\/armarketingdigital.com\/agendar\/#local-main-organization-logo"},"sameAs":["https:\/\/www.facebook.com\/armarketingdigital.col","https:\/\/www.instagram.com\/ar_marketingdigital\/"],"address":{"@id":"https:\/\/armarketingdigital.com\/agendar\/#local-main-place-address"},"telephone":["3105324575"],"openingHoursSpecification":{"@type":"OpeningHoursSpecification","dayOfWeek":["Monday","Tuesday","Wednesday","Thursday","Friday","Saturday","Sunday"],"opens":"00:00","closes":"23:59"},"email":"agencia@armarketingdigital.com"},{"@type":"PostalAddress","@id":"https:\/\/armarketingdigital.com\/agendar\/#local-main-place-address","streetAddress":"V\u00eda la reforma, callejon el rodadero - Casa 3, Cali, Valle del Cauca","addressLocality":"Cali","postalCode":"00000","addressCountry":"CO"},{"@type":"ImageObject","inLanguage":"en-US","@id":"https:\/\/armarketingdigital.com\/agendar\/#local-main-organization-logo","url":"https:\/\/armarketingdigital.com\/wp-content\/uploads\/2021\/12\/logo-ar.png","contentUrl":"https:\/\/armarketingdigital.com\/wp-content\/uploads\/2021\/12\/logo-ar.png","width":625,"height":625,"caption":"AR MARKETING DIGITAL"}]},"geo.placename":"Cali","geo.region":"Colombia"},"_links":{"self":[{"href":"https:\/\/armarketingdigital.com\/en\/wp-json\/wp\/v2\/pages\/29349","targetHints":{"allow":["GET"]}}],"collection":[{"href":"https:\/\/armarketingdigital.com\/en\/wp-json\/wp\/v2\/pages"}],"about":[{"href":"https:\/\/armarketingdigital.com\/en\/wp-json\/wp\/v2\/types\/page"}],"author":[{"embeddable":true,"href":"https:\/\/armarketingdigital.com\/en\/wp-json\/wp\/v2\/users\/8"}],"replies":[{"embeddable":true,"href":"https:\/\/armarketingdigital.com\/en\/wp-json\/wp\/v2\/comments?post=29349"}],"version-history":[{"count":0,"href":"https:\/\/armarketingdigital.com\/en\/wp-json\/wp\/v2\/pages\/29349\/revisions"}],"wp:attachment":[{"href":"https:\/\/armarketingdigital.com\/en\/wp-json\/wp\/v2\/media?parent=29349"}],"curies":[{"name":"wp","href":"https:\/\/api.w.org\/{rel}","templated":true}]}}