{"id":29429,"date":"2022-08-31T19:10:54","date_gmt":"2022-08-31T19:10:54","guid":{"rendered":"https:\/\/armarketingdigital.com\/?page_id=29429"},"modified":"2022-09-06T14:00:33","modified_gmt":"2022-09-06T14:00:33","slug":"preparacion","status":"publish","type":"page","link":"https:\/\/armarketingdigital.com\/en\/preparacion\/","title":{"rendered":"Preparaci\u00f3n"},"content":{"rendered":"<div data-elementor-type=\"wp-page\" data-elementor-id=\"29429\" class=\"elementor elementor-29429\" data-elementor-post-type=\"page\">\n\t\t\t\t\t\t<section class=\"elementor-section elementor-top-section elementor-element elementor-element-172eeec elementor-section-boxed elementor-section-height-default elementor-section-height-default\" data-id=\"172eeec\" data-element_type=\"section\" data-e-type=\"section\" data-settings=\"{&quot;background_background&quot;:&quot;classic&quot;}\">\n\t\t\t\t\t\t<div class=\"elementor-container elementor-column-gap-default\">\n\t\t\t\t\t<div class=\"elementor-column elementor-col-100 elementor-top-column elementor-element elementor-element-25f6c87\" data-id=\"25f6c87\" data-element_type=\"column\" data-e-type=\"column\">\n\t\t\t<div class=\"elementor-widget-wrap elementor-element-populated\">\n\t\t\t\t\t\t<div class=\"elementor-element elementor-element-71433c8 de_scroll_animation_no elementor-widget elementor-widget-image\" data-id=\"71433c8\" data-element_type=\"widget\" data-e-type=\"widget\" data-widget_type=\"image.default\">\n\t\t\t\t<div class=\"elementor-widget-container\">\n\t\t\t\t\t\t\t\t\t\t\t\t\t\t\t<img fetchpriority=\"high\" decoding=\"async\" width=\"800\" height=\"169\" src=\"https:\/\/armarketingdigital.com\/wp-content\/uploads\/2022\/07\/Recurso-1ldpi.png\" class=\"attachment-large size-large wp-image-28431\" alt=\"\" srcset=\"https:\/\/armarketingdigital.com\/wp-content\/uploads\/2022\/07\/Recurso-1ldpi.png 808w, https:\/\/armarketingdigital.com\/wp-content\/uploads\/2022\/07\/Recurso-1ldpi-600x127.png 600w, https:\/\/armarketingdigital.com\/wp-content\/uploads\/2022\/07\/Recurso-1ldpi-300x63.png 300w, https:\/\/armarketingdigital.com\/wp-content\/uploads\/2022\/07\/Recurso-1ldpi-768x163.png 768w\" sizes=\"(max-width: 800px) 100vw, 800px\" \/>\t\t\t\t\t\t\t\t\t\t\t\t\t\t\t<\/div>\n\t\t\t\t<\/div>\n\t\t\t\t<div class=\"elementor-element elementor-element-f6a82b4 de_scroll_animation_no elementor-widget elementor-widget-text-editor\" data-id=\"f6a82b4\" data-element_type=\"widget\" data-e-type=\"widget\" data-widget_type=\"text-editor.default\">\n\t\t\t\t<div class=\"elementor-widget-container\">\n\t\t\t\t\t\t\t\t\t<p>\ud83d\udea8 Espera \ud83d\udea8<\/p>\t\t\t\t\t\t\t\t<\/div>\n\t\t\t\t<\/div>\n\t\t\t\t<div class=\"elementor-element elementor-element-0025e50 de_scroll_animation_no elementor-widget elementor-widget-text-editor\" data-id=\"0025e50\" data-element_type=\"widget\" data-e-type=\"widget\" data-widget_type=\"text-editor.default\">\n\t\t\t\t<div class=\"elementor-widget-container\">\n\t\t\t\t\t\t\t\t\t<div class=\"widget-row with-centered-content\"><div id=\"heading-widget-1644366041369\" class=\"widget widgetResponsive textWidget headingWidget col18\" data-type=\"HeadingWidget\" data-delay=\"\" data-animation-duration=\"\" data-animation-delay=\"\" data-animation=\"lazyAnimation-\"><div class=\"text-widget-content\"><p>MIRA EL CONTENIDO DE ESTA P\u00c1GINA PARA CONFIRMAR TU SESI\u00d3N<\/p><\/div><\/div><\/div>\t\t\t\t\t\t\t\t<\/div>\n\t\t\t\t<\/div>\n\t\t\t\t<div class=\"elementor-element elementor-element-f11f4e0 de_scroll_animation_no elementor-widget elementor-widget-text-editor\" data-id=\"f11f4e0\" data-element_type=\"widget\" data-e-type=\"widget\" data-widget_type=\"text-editor.default\">\n\t\t\t\t<div class=\"elementor-widget-container\">\n\t\t\t\t\t\t\t\t\t<p>Tu llamada ha sido agendada con \u00e9xito, pero es necesario que veas este v\u00eddeo para confirmar y prepararte de forma adecuada para tu sesi\u00f3n, y asegurarte de sacarle el m\u00e1ximo provecho.<\/p>\t\t\t\t\t\t\t\t<\/div>\n\t\t\t\t<\/div>\n\t\t\t\t<div class=\"elementor-element elementor-element-f0b1180 de_scroll_animation_no elementor-widget elementor-widget-text-editor\" data-id=\"f0b1180\" data-element_type=\"widget\" data-e-type=\"widget\" data-widget_type=\"text-editor.default\">\n\t\t\t\t<div class=\"elementor-widget-container\">\n\t\t\t\t\t\t\t\t\t<p>Si no sigues estos pasos, tendremos que cancelar tu sesi\u00f3n y darle el cupo a otra persona en la lista.<\/p>\t\t\t\t\t\t\t\t<\/div>\n\t\t\t\t<\/div>\n\t\t\t\t<div class=\"elementor-element elementor-element-bbd059f de_scroll_animation_no elementor-widget elementor-widget-video\" data-id=\"bbd059f\" data-element_type=\"widget\" data-e-type=\"widget\" data-settings=\"{&quot;youtube_url&quot;:&quot;https:\\\/\\\/www.youtube.com\\\/watch?v=XHOmBV4js_E&quot;,&quot;video_type&quot;:&quot;youtube&quot;,&quot;controls&quot;:&quot;yes&quot;}\" data-widget_type=\"video.default\">\n\t\t\t\t<div class=\"elementor-widget-container\">\n\t\t\t\t\t\t\t<div class=\"elementor-wrapper elementor-open-inline\">\n\t\t\t<div class=\"elementor-video\"><\/div>\t\t<\/div>\n\t\t\t\t\t\t<\/div>\n\t\t\t\t<\/div>\n\t\t\t\t<div class=\"elementor-element elementor-element-1a51dbe de_scroll_animation_no elementor-widget elementor-widget-text-editor\" data-id=\"1a51dbe\" data-element_type=\"widget\" data-e-type=\"widget\" data-widget_type=\"text-editor.default\">\n\t\t\t\t<div class=\"elementor-widget-container\">\n\t\t\t\t\t\t\t\t\t<div class=\"widget-row with-centered-content\"><div id=\"heading-widget-1644366041369\" class=\"widget widgetResponsive textWidget headingWidget col18\" data-type=\"HeadingWidget\" data-delay=\"\" data-animation-duration=\"\" data-animation-delay=\"\" data-animation=\"lazyAnimation-\"><div class=\"text-widget-content\"><p>Pasos antes de la llamada:<\/p><\/div><\/div><\/div>\t\t\t\t\t\t\t\t<\/div>\n\t\t\t\t<\/div>\n\t\t\t\t<div class=\"elementor-element elementor-element-e711227 de_scroll_animation_no elementor-widget elementor-widget-text-editor\" data-id=\"e711227\" data-element_type=\"widget\" data-e-type=\"widget\" data-widget_type=\"text-editor.default\">\n\t\t\t\t<div class=\"elementor-widget-container\">\n\t\t\t\t\t\t\t\t\t<ul><li>Aseg\u00farate de asistir en tiempo y forma porque no podr\u00e1s tomar otra llamada.<\/li><\/ul><p>\u00a0<\/p><ul><li>Aseg\u00farate de que eres el tipo de persona que podemos ayudar.<\/li><\/ul><p>\u00a0<\/p><ul><li>Aseg\u00farate de haber visto el entrenamiento, tienes el link debajo.<\/li><\/ul><p>\u00a0<\/p><ul><li>Lleva a tu socio, pareja o la persona que necesites para tomar una decisi\u00f3n.<\/li><\/ul><p>\u00a0<\/p><ul><li>Entiende el costo de no saber.<\/li><\/ul><p>\u00a0<\/p><ul><li>Mira los casos de \u00e9xito para generar certeza en tu mente de que esto va a funcionar.<\/li><\/ul>\t\t\t\t\t\t\t\t<\/div>\n\t\t\t\t<\/div>\n\t\t\t\t\t<\/div>\n\t\t<\/div>\n\t\t\t\t\t<\/div>\n\t\t<\/section>\n\t\t\t\t<section class=\"elementor-section elementor-top-section elementor-element elementor-element-9bbb095 elementor-section-boxed elementor-section-height-default elementor-section-height-default\" data-id=\"9bbb095\" data-element_type=\"section\" data-e-type=\"section\" data-settings=\"{&quot;background_background&quot;:&quot;classic&quot;}\">\n\t\t\t\t\t\t<div class=\"elementor-container elementor-column-gap-default\">\n\t\t\t\t\t<div class=\"elementor-column elementor-col-100 elementor-top-column elementor-element elementor-element-0127115\" data-id=\"0127115\" data-element_type=\"column\" data-e-type=\"column\">\n\t\t\t<div class=\"elementor-widget-wrap elementor-element-populated\">\n\t\t\t\t\t\t<div class=\"elementor-element elementor-element-c5a698b de_scroll_animation_no elementor-widget elementor-widget-image\" data-id=\"c5a698b\" data-element_type=\"widget\" data-e-type=\"widget\" data-widget_type=\"image.default\">\n\t\t\t\t<div class=\"elementor-widget-container\">\n\t\t\t\t\t\t\t\t\t\t\t\t\t\t\t<img fetchpriority=\"high\" decoding=\"async\" width=\"800\" height=\"169\" src=\"https:\/\/armarketingdigital.com\/wp-content\/uploads\/2022\/07\/Recurso-1ldpi.png\" class=\"attachment-large size-large wp-image-28431\" alt=\"\" srcset=\"https:\/\/armarketingdigital.com\/wp-content\/uploads\/2022\/07\/Recurso-1ldpi.png 808w, https:\/\/armarketingdigital.com\/wp-content\/uploads\/2022\/07\/Recurso-1ldpi-600x127.png 600w, https:\/\/armarketingdigital.com\/wp-content\/uploads\/2022\/07\/Recurso-1ldpi-300x63.png 300w, https:\/\/armarketingdigital.com\/wp-content\/uploads\/2022\/07\/Recurso-1ldpi-768x163.png 768w\" sizes=\"(max-width: 800px) 100vw, 800px\" \/>\t\t\t\t\t\t\t\t\t\t\t\t\t\t\t<\/div>\n\t\t\t\t<\/div>\n\t\t\t\t<div class=\"elementor-element elementor-element-e888f85 de_scroll_animation_no elementor-widget elementor-widget-text-editor\" data-id=\"e888f85\" data-element_type=\"widget\" data-e-type=\"widget\" data-widget_type=\"text-editor.default\">\n\t\t\t\t<div class=\"elementor-widget-container\">\n\t\t\t\t\t\t\t\t\t<p>Copyright \u00a9 2021 Reservados todos los derechos. Hecho con \u2661 por <a href=\"https:\/\/armarketingdigital.com\/en\/\" target=\"_blank\" rel=\"noopener\">AR Marketing Digital<\/a><\/p>\t\t\t\t\t\t\t\t<\/div>\n\t\t\t\t<\/div>\n\t\t\t\t\t<\/div>\n\t\t<\/div>\n\t\t\t\t\t<\/div>\n\t\t<\/section>\n\t\t\t\t<\/div>","protected":false},"excerpt":{"rendered":"<p>\ud83d\udea8 Espera \ud83d\udea8 MIRA EL CONTENIDO DE ESTA P\u00c1GINA PARA CONFIRMAR TU SESI\u00d3N Tu llamada ha sido agendada con \u00e9xito, pero es necesario que veas este v\u00eddeo para confirmar y prepararte de forma adecuada para tu sesi\u00f3n, y asegurarte de sacarle el m\u00e1ximo provecho. Si no sigues estos pasos, tendremos que cancelar tu sesi\u00f3n y [&hellip;]<\/p>\n","protected":false},"author":8,"featured_media":0,"parent":0,"menu_order":0,"comment_status":"closed","ping_status":"closed","template":"elementor_canvas","meta":{"footnotes":""},"class_list":["post-29429","page","type-page","status-publish","hentry"],"yoast_head":"<!-- This site is optimized with the Yoast SEO Premium plugin v21.7 (Yoast SEO v27.4) - https:\/\/yoast.com\/product\/yoast-seo-premium-wordpress\/ -->\n<title>Preparaci\u00f3n | AR Marketing Digital<\/title>\n<meta name=\"robots\" content=\"index, follow, max-snippet:-1, max-image-preview:large, max-video-preview:-1\" \/>\n<link rel=\"canonical\" href=\"https:\/\/armarketingdigital.com\/en\/preparacion\/\" \/>\n<meta property=\"og:locale\" content=\"en_US\" \/>\n<meta property=\"og:type\" content=\"article\" \/>\n<meta property=\"og:title\" content=\"Preparaci\u00f3n\" \/>\n<meta property=\"og:description\" content=\"\ud83d\udea8 Espera \ud83d\udea8 MIRA EL CONTENIDO DE ESTA P\u00c1GINA PARA CONFIRMAR TU SESI\u00d3N Tu llamada ha sido agendada con \u00e9xito, pero es necesario que veas este v\u00eddeo para confirmar y prepararte de forma adecuada para tu sesi\u00f3n, y asegurarte de sacarle el m\u00e1ximo provecho. Si no sigues estos pasos, tendremos que cancelar tu sesi\u00f3n y [&hellip;]\" \/>\n<meta property=\"og:url\" content=\"https:\/\/armarketingdigital.com\/en\/preparacion\/\" \/>\n<meta property=\"og:site_name\" content=\"AR Marketing Digital\" \/>\n<meta property=\"article:publisher\" content=\"https:\/\/www.facebook.com\/armarketingdigital.col\" \/>\n<meta property=\"article:modified_time\" content=\"2022-09-06T14:00:33+00:00\" \/>\n<meta property=\"og:image\" content=\"https:\/\/armarketingdigital.com\/wp-content\/uploads\/2022\/07\/Recurso-1ldpi.png\" \/>\n<meta name=\"twitter:card\" content=\"summary_large_image\" \/>\n<meta name=\"twitter:label1\" content=\"Est. reading time\" \/>\n\t<meta name=\"twitter:data1\" content=\"2 minutes\" \/>\n<script type=\"application\/ld+json\" class=\"yoast-schema-graph\">{\"@context\":\"https:\\\/\\\/schema.org\",\"@graph\":[{\"@type\":\"WebPage\",\"@id\":\"https:\\\/\\\/armarketingdigital.com\\\/preparacion\\\/\",\"url\":\"https:\\\/\\\/armarketingdigital.com\\\/preparacion\\\/\",\"name\":\"Preparaci\u00f3n | AR Marketing Digital\",\"isPartOf\":{\"@id\":\"https:\\\/\\\/armarketingdigital.com\\\/#website\"},\"primaryImageOfPage\":{\"@id\":\"https:\\\/\\\/armarketingdigital.com\\\/preparacion\\\/#primaryimage\"},\"image\":{\"@id\":\"https:\\\/\\\/armarketingdigital.com\\\/preparacion\\\/#primaryimage\"},\"thumbnailUrl\":\"https:\\\/\\\/armarketingdigital.com\\\/wp-content\\\/uploads\\\/2022\\\/07\\\/Recurso-1ldpi.png\",\"datePublished\":\"2022-08-31T19:10:54+00:00\",\"dateModified\":\"2022-09-06T14:00:33+00:00\",\"breadcrumb\":{\"@id\":\"https:\\\/\\\/armarketingdigital.com\\\/preparacion\\\/#breadcrumb\"},\"inLanguage\":\"en-US\",\"potentialAction\":[{\"@type\":\"ReadAction\",\"target\":[\"https:\\\/\\\/armarketingdigital.com\\\/preparacion\\\/\"]}]},{\"@type\":\"ImageObject\",\"inLanguage\":\"en-US\",\"@id\":\"https:\\\/\\\/armarketingdigital.com\\\/preparacion\\\/#primaryimage\",\"url\":\"https:\\\/\\\/armarketingdigital.com\\\/wp-content\\\/uploads\\\/2022\\\/07\\\/Recurso-1ldpi.png\",\"contentUrl\":\"https:\\\/\\\/armarketingdigital.com\\\/wp-content\\\/uploads\\\/2022\\\/07\\\/Recurso-1ldpi.png\"},{\"@type\":\"BreadcrumbList\",\"@id\":\"https:\\\/\\\/armarketingdigital.com\\\/preparacion\\\/#breadcrumb\",\"itemListElement\":[{\"@type\":\"ListItem\",\"position\":1,\"name\":\"Portada\",\"item\":\"https:\\\/\\\/armarketingdigital.com\\\/\"},{\"@type\":\"ListItem\",\"position\":2,\"name\":\"Preparaci\u00f3n\"}]},{\"@type\":\"WebSite\",\"@id\":\"https:\\\/\\\/armarketingdigital.com\\\/#website\",\"url\":\"https:\\\/\\\/armarketingdigital.com\\\/\",\"name\":\"AR Marketing Digital\",\"description\":\"Somos expertos centrados en dise\u00f1os y estrategias de marketing digital, enfocados en posicionar su producto como l\u00edder del mercado. Centramos nuestra actividad en potenciar su marca para generar un v\u00ednculo con el consumidor incrementando as\u00ed el valor de su producto y los beneficios para su empresa.\",\"publisher\":{\"@id\":\"https:\\\/\\\/armarketingdigital.com\\\/#organization\"},\"potentialAction\":[{\"@type\":\"SearchAction\",\"target\":{\"@type\":\"EntryPoint\",\"urlTemplate\":\"https:\\\/\\\/armarketingdigital.com\\\/?s={search_term_string}\"},\"query-input\":{\"@type\":\"PropertyValueSpecification\",\"valueRequired\":true,\"valueName\":\"search_term_string\"}}],\"inLanguage\":\"en-US\"},{\"@type\":[\"Organization\",\"Place\"],\"@id\":\"https:\\\/\\\/armarketingdigital.com\\\/#organization\",\"name\":\"AR MARKETING DIGITAL\",\"url\":\"https:\\\/\\\/armarketingdigital.com\\\/\",\"logo\":{\"@id\":\"https:\\\/\\\/armarketingdigital.com\\\/preparacion\\\/#local-main-organization-logo\"},\"image\":{\"@id\":\"https:\\\/\\\/armarketingdigital.com\\\/preparacion\\\/#local-main-organization-logo\"},\"sameAs\":[\"https:\\\/\\\/www.facebook.com\\\/armarketingdigital.col\",\"https:\\\/\\\/www.instagram.com\\\/ar_marketingdigital\\\/\"],\"address\":{\"@id\":\"https:\\\/\\\/armarketingdigital.com\\\/preparacion\\\/#local-main-place-address\"},\"telephone\":[\"3105324575\"],\"openingHoursSpecification\":{\"@type\":\"OpeningHoursSpecification\",\"dayOfWeek\":[\"Monday\",\"Tuesday\",\"Wednesday\",\"Thursday\",\"Friday\",\"Saturday\",\"Sunday\"],\"opens\":\"00:00\",\"closes\":\"23:59\"},\"email\":\"agencia@armarketingdigital.com\"},{\"@type\":\"PostalAddress\",\"@id\":\"https:\\\/\\\/armarketingdigital.com\\\/preparacion\\\/#local-main-place-address\",\"streetAddress\":\"V\u00eda la reforma, callejon el rodadero - Casa 3, Cali, Valle del Cauca\",\"addressLocality\":\"Cali\",\"postalCode\":\"00000\",\"addressCountry\":\"CO\"},{\"@type\":\"ImageObject\",\"inLanguage\":\"en-US\",\"@id\":\"https:\\\/\\\/armarketingdigital.com\\\/preparacion\\\/#local-main-organization-logo\",\"url\":\"https:\\\/\\\/armarketingdigital.com\\\/wp-content\\\/uploads\\\/2021\\\/12\\\/logo-ar.png\",\"contentUrl\":\"https:\\\/\\\/armarketingdigital.com\\\/wp-content\\\/uploads\\\/2021\\\/12\\\/logo-ar.png\",\"width\":625,\"height\":625,\"caption\":\"AR MARKETING DIGITAL\"}]}<\/script>\n<meta name=\"geo.placename\" content=\"Cali\" \/>\n<meta name=\"geo.region\" content=\"Colombia\" \/>\n<!-- \/ Yoast SEO Premium plugin. -->","yoast_head_json":{"title":"Preparaci\u00f3n | AR Marketing Digital","robots":{"index":"index","follow":"follow","max-snippet":"max-snippet:-1","max-image-preview":"max-image-preview:large","max-video-preview":"max-video-preview:-1"},"canonical":"https:\/\/armarketingdigital.com\/en\/preparacion\/","og_locale":"en_US","og_type":"article","og_title":"Preparaci\u00f3n","og_description":"\ud83d\udea8 Espera \ud83d\udea8 MIRA EL CONTENIDO DE ESTA P\u00c1GINA PARA CONFIRMAR TU SESI\u00d3N Tu llamada ha sido agendada con \u00e9xito, pero es necesario que veas este v\u00eddeo para confirmar y prepararte de forma adecuada para tu sesi\u00f3n, y asegurarte de sacarle el m\u00e1ximo provecho. Si no sigues estos pasos, tendremos que cancelar tu sesi\u00f3n y [&hellip;]","og_url":"https:\/\/armarketingdigital.com\/en\/preparacion\/","og_site_name":"AR Marketing Digital","article_publisher":"https:\/\/www.facebook.com\/armarketingdigital.col","article_modified_time":"2022-09-06T14:00:33+00:00","og_image":[{"url":"https:\/\/armarketingdigital.com\/wp-content\/uploads\/2022\/07\/Recurso-1ldpi.png","type":"","width":"","height":""}],"twitter_card":"summary_large_image","twitter_misc":{"Est. reading time":"2 minutes"},"schema":{"@context":"https:\/\/schema.org","@graph":[{"@type":"WebPage","@id":"https:\/\/armarketingdigital.com\/preparacion\/","url":"https:\/\/armarketingdigital.com\/preparacion\/","name":"Preparaci\u00f3n | AR Marketing Digital","isPartOf":{"@id":"https:\/\/armarketingdigital.com\/#website"},"primaryImageOfPage":{"@id":"https:\/\/armarketingdigital.com\/preparacion\/#primaryimage"},"image":{"@id":"https:\/\/armarketingdigital.com\/preparacion\/#primaryimage"},"thumbnailUrl":"https:\/\/armarketingdigital.com\/wp-content\/uploads\/2022\/07\/Recurso-1ldpi.png","datePublished":"2022-08-31T19:10:54+00:00","dateModified":"2022-09-06T14:00:33+00:00","breadcrumb":{"@id":"https:\/\/armarketingdigital.com\/preparacion\/#breadcrumb"},"inLanguage":"en-US","potentialAction":[{"@type":"ReadAction","target":["https:\/\/armarketingdigital.com\/preparacion\/"]}]},{"@type":"ImageObject","inLanguage":"en-US","@id":"https:\/\/armarketingdigital.com\/preparacion\/#primaryimage","url":"https:\/\/armarketingdigital.com\/wp-content\/uploads\/2022\/07\/Recurso-1ldpi.png","contentUrl":"https:\/\/armarketingdigital.com\/wp-content\/uploads\/2022\/07\/Recurso-1ldpi.png"},{"@type":"BreadcrumbList","@id":"https:\/\/armarketingdigital.com\/preparacion\/#breadcrumb","itemListElement":[{"@type":"ListItem","position":1,"name":"Portada","item":"https:\/\/armarketingdigital.com\/"},{"@type":"ListItem","position":2,"name":"Preparaci\u00f3n"}]},{"@type":"WebSite","@id":"https:\/\/armarketingdigital.com\/#website","url":"https:\/\/armarketingdigital.com\/","name":"AR Marketing Digital","description":"Somos expertos centrados en dise\u00f1os y estrategias de marketing digital, enfocados en posicionar su producto como l\u00edder del mercado. Centramos nuestra actividad en potenciar su marca para generar un v\u00ednculo con el consumidor incrementando as\u00ed el valor de su producto y los beneficios para su empresa.","publisher":{"@id":"https:\/\/armarketingdigital.com\/#organization"},"potentialAction":[{"@type":"SearchAction","target":{"@type":"EntryPoint","urlTemplate":"https:\/\/armarketingdigital.com\/?s={search_term_string}"},"query-input":{"@type":"PropertyValueSpecification","valueRequired":true,"valueName":"search_term_string"}}],"inLanguage":"en-US"},{"@type":["Organization","Place"],"@id":"https:\/\/armarketingdigital.com\/#organization","name":"AR MARKETING DIGITAL","url":"https:\/\/armarketingdigital.com\/","logo":{"@id":"https:\/\/armarketingdigital.com\/preparacion\/#local-main-organization-logo"},"image":{"@id":"https:\/\/armarketingdigital.com\/preparacion\/#local-main-organization-logo"},"sameAs":["https:\/\/www.facebook.com\/armarketingdigital.col","https:\/\/www.instagram.com\/ar_marketingdigital\/"],"address":{"@id":"https:\/\/armarketingdigital.com\/preparacion\/#local-main-place-address"},"telephone":["3105324575"],"openingHoursSpecification":{"@type":"OpeningHoursSpecification","dayOfWeek":["Monday","Tuesday","Wednesday","Thursday","Friday","Saturday","Sunday"],"opens":"00:00","closes":"23:59"},"email":"agencia@armarketingdigital.com"},{"@type":"PostalAddress","@id":"https:\/\/armarketingdigital.com\/preparacion\/#local-main-place-address","streetAddress":"V\u00eda la reforma, callejon el rodadero - Casa 3, Cali, Valle del Cauca","addressLocality":"Cali","postalCode":"00000","addressCountry":"CO"},{"@type":"ImageObject","inLanguage":"en-US","@id":"https:\/\/armarketingdigital.com\/preparacion\/#local-main-organization-logo","url":"https:\/\/armarketingdigital.com\/wp-content\/uploads\/2021\/12\/logo-ar.png","contentUrl":"https:\/\/armarketingdigital.com\/wp-content\/uploads\/2021\/12\/logo-ar.png","width":625,"height":625,"caption":"AR MARKETING DIGITAL"}]},"geo.placename":"Cali","geo.region":"Colombia"},"_links":{"self":[{"href":"https:\/\/armarketingdigital.com\/en\/wp-json\/wp\/v2\/pages\/29429","targetHints":{"allow":["GET"]}}],"collection":[{"href":"https:\/\/armarketingdigital.com\/en\/wp-json\/wp\/v2\/pages"}],"about":[{"href":"https:\/\/armarketingdigital.com\/en\/wp-json\/wp\/v2\/types\/page"}],"author":[{"embeddable":true,"href":"https:\/\/armarketingdigital.com\/en\/wp-json\/wp\/v2\/users\/8"}],"replies":[{"embeddable":true,"href":"https:\/\/armarketingdigital.com\/en\/wp-json\/wp\/v2\/comments?post=29429"}],"version-history":[{"count":0,"href":"https:\/\/armarketingdigital.com\/en\/wp-json\/wp\/v2\/pages\/29429\/revisions"}],"wp:attachment":[{"href":"https:\/\/armarketingdigital.com\/en\/wp-json\/wp\/v2\/media?parent=29429"}],"curies":[{"name":"wp","href":"https:\/\/api.w.org\/{rel}","templated":true}]}}