{"id":32632,"date":"2023-08-08T13:12:51","date_gmt":"2023-08-08T13:12:51","guid":{"rendered":"https:\/\/armarketingdigital.com\/?page_id=32632"},"modified":"2023-08-08T13:16:54","modified_gmt":"2023-08-08T13:16:54","slug":"formacion-2","status":"publish","type":"page","link":"https:\/\/armarketingdigital.com\/en\/formacion-2\/","title":{"rendered":"Formaci\u00f3n"},"content":{"rendered":"<div data-elementor-type=\"wp-page\" data-elementor-id=\"32632\" class=\"elementor elementor-32632\" data-elementor-post-type=\"page\">\n\t\t\t\t\t\t<section class=\"elementor-section elementor-top-section elementor-element elementor-element-a371f81 elementor-section-full_width elementor-section-height-default elementor-section-height-default\" data-id=\"a371f81\" data-element_type=\"section\" data-e-type=\"section\" data-settings=\"{&quot;background_background&quot;:&quot;classic&quot;}\">\n\t\t\t\t\t\t<div class=\"elementor-container elementor-column-gap-default\">\n\t\t\t\t\t<div class=\"elementor-column elementor-col-50 elementor-top-column elementor-element elementor-element-92e5270\" data-id=\"92e5270\" data-element_type=\"column\" data-e-type=\"column\">\n\t\t\t<div class=\"elementor-widget-wrap elementor-element-populated\">\n\t\t\t\t\t\t<div class=\"elementor-element elementor-element-d467d5c de_scroll_animation_no elementor-widget elementor-widget-image\" data-id=\"d467d5c\" data-element_type=\"widget\" data-e-type=\"widget\" data-widget_type=\"image.default\">\n\t\t\t\t<div class=\"elementor-widget-container\">\n\t\t\t\t\t\t\t\t\t\t\t\t\t\t\t<img fetchpriority=\"high\" decoding=\"async\" width=\"489\" height=\"109\" src=\"https:\/\/armarketingdigital.com\/wp-content\/uploads\/2023\/07\/baner1920x10806.png\" class=\"attachment-full size-full wp-image-32028\" alt=\"\" srcset=\"https:\/\/armarketingdigital.com\/wp-content\/uploads\/2023\/07\/baner1920x10806.png 489w, https:\/\/armarketingdigital.com\/wp-content\/uploads\/2023\/07\/baner1920x10806-300x67.png 300w, https:\/\/armarketingdigital.com\/wp-content\/uploads\/2023\/07\/baner1920x10806-18x4.png 18w\" sizes=\"(max-width: 489px) 100vw, 489px\" \/>\t\t\t\t\t\t\t\t\t\t\t\t\t\t\t<\/div>\n\t\t\t\t<\/div>\n\t\t\t\t<div class=\"elementor-element elementor-element-b10e69e de_scroll_animation_no elementor-widget elementor-widget-heading\" data-id=\"b10e69e\" data-element_type=\"widget\" data-e-type=\"widget\" data-widget_type=\"heading.default\">\n\t\t\t\t<div class=\"elementor-widget-container\">\n\t\t\t\t\t<h2 class=\"elementor-heading-title elementor-size-default\">FORMACI\u00d3N<\/h2>\t\t\t\t<\/div>\n\t\t\t\t<\/div>\n\t\t\t\t\t<\/div>\n\t\t<\/div>\n\t\t\t\t<div class=\"elementor-column elementor-col-50 elementor-top-column elementor-element elementor-element-1928c6f\" data-id=\"1928c6f\" data-element_type=\"column\" data-e-type=\"column\">\n\t\t\t<div class=\"elementor-widget-wrap elementor-element-populated\">\n\t\t\t\t\t\t<div class=\"elementor-element elementor-element-1ae0136 de_scroll_animation_no elementor-widget elementor-widget-image\" data-id=\"1ae0136\" data-element_type=\"widget\" data-e-type=\"widget\" data-widget_type=\"image.default\">\n\t\t\t\t<div class=\"elementor-widget-container\">\n\t\t\t\t\t\t\t\t\t\t\t\t\t\t\t<img decoding=\"async\" width=\"1254\" height=\"1116\" src=\"https:\/\/armarketingdigital.com\/wp-content\/uploads\/2023\/07\/Diseno-sin-titulo-9-e1690837964223.png\" class=\"attachment-full size-full wp-image-32321\" alt=\"\" srcset=\"https:\/\/armarketingdigital.com\/wp-content\/uploads\/2023\/07\/Diseno-sin-titulo-9-e1690837964223.png 1254w, https:\/\/armarketingdigital.com\/wp-content\/uploads\/2023\/07\/Diseno-sin-titulo-9-e1690837964223-300x267.png 300w, https:\/\/armarketingdigital.com\/wp-content\/uploads\/2023\/07\/Diseno-sin-titulo-9-e1690837964223-1024x911.png 1024w, https:\/\/armarketingdigital.com\/wp-content\/uploads\/2023\/07\/Diseno-sin-titulo-9-e1690837964223-768x683.png 768w, https:\/\/armarketingdigital.com\/wp-content\/uploads\/2023\/07\/Diseno-sin-titulo-9-e1690837964223-13x12.png 13w, https:\/\/armarketingdigital.com\/wp-content\/uploads\/2023\/07\/Diseno-sin-titulo-9-e1690837964223-600x534.png 600w\" sizes=\"(max-width: 1254px) 100vw, 1254px\" \/>\t\t\t\t\t\t\t\t\t\t\t\t\t\t\t<\/div>\n\t\t\t\t<\/div>\n\t\t\t\t\t<\/div>\n\t\t<\/div>\n\t\t\t\t\t<\/div>\n\t\t<\/section>\n\t\t\t\t<section class=\"elementor-section elementor-top-section elementor-element elementor-element-4f25ffb elementor-section-boxed elementor-section-height-default elementor-section-height-default\" data-id=\"4f25ffb\" data-element_type=\"section\" data-e-type=\"section\" data-settings=\"{&quot;background_background&quot;:&quot;classic&quot;}\">\n\t\t\t\t\t\t\t<div class=\"elementor-background-overlay\"><\/div>\n\t\t\t\t\t\t\t<div class=\"elementor-container elementor-column-gap-default\">\n\t\t\t\t\t<div class=\"elementor-column elementor-col-100 elementor-top-column elementor-element elementor-element-a0f09c8\" data-id=\"a0f09c8\" data-element_type=\"column\" data-e-type=\"column\">\n\t\t\t<div class=\"elementor-widget-wrap elementor-element-populated\">\n\t\t\t\t\t\t<section class=\"elementor-section elementor-inner-section elementor-element elementor-element-14eff9f elementor-section-boxed elementor-section-height-default elementor-section-height-default\" data-id=\"14eff9f\" data-element_type=\"section\" data-e-type=\"section\">\n\t\t\t\t\t\t<div class=\"elementor-container elementor-column-gap-default\">\n\t\t\t\t\t<div class=\"elementor-column elementor-col-50 elementor-inner-column elementor-element elementor-element-bd3c7e1\" data-id=\"bd3c7e1\" data-element_type=\"column\" data-e-type=\"column\">\n\t\t\t<div class=\"elementor-widget-wrap elementor-element-populated\">\n\t\t\t\t\t\t<div class=\"elementor-element elementor-element-bf47f82 de_scroll_animation_no elementor-widget elementor-widget-video\" data-id=\"bf47f82\" data-element_type=\"widget\" data-e-type=\"widget\" data-settings=\"{&quot;youtube_url&quot;:&quot;https:\\\/\\\/www.youtube.com\\\/watch?v=f7NQpxovKz0&quot;,&quot;video_type&quot;:&quot;youtube&quot;,&quot;controls&quot;:&quot;yes&quot;}\" data-widget_type=\"video.default\">\n\t\t\t\t<div class=\"elementor-widget-container\">\n\t\t\t\t\t\t\t<div class=\"elementor-wrapper elementor-open-inline\">\n\t\t\t<div class=\"elementor-video\"><\/div>\t\t<\/div>\n\t\t\t\t\t\t<\/div>\n\t\t\t\t<\/div>\n\t\t\t\t\t<\/div>\n\t\t<\/div>\n\t\t\t\t<div class=\"elementor-column elementor-col-50 elementor-inner-column elementor-element elementor-element-8ca2191\" data-id=\"8ca2191\" data-element_type=\"column\" data-e-type=\"column\">\n\t\t\t<div class=\"elementor-widget-wrap elementor-element-populated\">\n\t\t\t\t\t\t<div class=\"elementor-element elementor-element-64d3b6a de_scroll_animation_no elementor-widget elementor-widget-video\" data-id=\"64d3b6a\" data-element_type=\"widget\" data-e-type=\"widget\" data-settings=\"{&quot;youtube_url&quot;:&quot;https:\\\/\\\/www.youtube.com\\\/watch?v=SjJ9dSIE1Oo&quot;,&quot;video_type&quot;:&quot;youtube&quot;,&quot;controls&quot;:&quot;yes&quot;}\" data-widget_type=\"video.default\">\n\t\t\t\t<div class=\"elementor-widget-container\">\n\t\t\t\t\t\t\t<div class=\"elementor-wrapper elementor-open-inline\">\n\t\t\t<div class=\"elementor-video\"><\/div>\t\t<\/div>\n\t\t\t\t\t\t<\/div>\n\t\t\t\t<\/div>\n\t\t\t\t\t<\/div>\n\t\t<\/div>\n\t\t\t\t\t<\/div>\n\t\t<\/section>\n\t\t\t\t<section class=\"elementor-section elementor-inner-section elementor-element elementor-element-34b299b elementor-section-boxed elementor-section-height-default elementor-section-height-default\" data-id=\"34b299b\" data-element_type=\"section\" data-e-type=\"section\">\n\t\t\t\t\t\t<div class=\"elementor-container elementor-column-gap-default\">\n\t\t\t\t\t<div class=\"elementor-column elementor-col-50 elementor-inner-column elementor-element elementor-element-242f12e\" data-id=\"242f12e\" data-element_type=\"column\" data-e-type=\"column\">\n\t\t\t<div class=\"elementor-widget-wrap elementor-element-populated\">\n\t\t\t\t\t\t<div class=\"elementor-element elementor-element-9bccb31 de_scroll_animation_no elementor-widget elementor-widget-video\" data-id=\"9bccb31\" data-element_type=\"widget\" data-e-type=\"widget\" data-settings=\"{&quot;youtube_url&quot;:&quot;https:\\\/\\\/www.youtube.com\\\/watch?v=ntt6UNpfqTM&quot;,&quot;video_type&quot;:&quot;youtube&quot;,&quot;controls&quot;:&quot;yes&quot;}\" data-widget_type=\"video.default\">\n\t\t\t\t<div class=\"elementor-widget-container\">\n\t\t\t\t\t\t\t<div class=\"elementor-wrapper elementor-open-inline\">\n\t\t\t<div class=\"elementor-video\"><\/div>\t\t<\/div>\n\t\t\t\t\t\t<\/div>\n\t\t\t\t<\/div>\n\t\t\t\t\t<\/div>\n\t\t<\/div>\n\t\t\t\t<div class=\"elementor-column elementor-col-50 elementor-inner-column elementor-element elementor-element-5d0b47c\" data-id=\"5d0b47c\" data-element_type=\"column\" data-e-type=\"column\">\n\t\t\t<div class=\"elementor-widget-wrap elementor-element-populated\">\n\t\t\t\t\t\t<div class=\"elementor-element elementor-element-606d5f4 de_scroll_animation_no elementor-widget elementor-widget-video\" data-id=\"606d5f4\" data-element_type=\"widget\" data-e-type=\"widget\" data-settings=\"{&quot;youtube_url&quot;:&quot;https:\\\/\\\/www.youtube.com\\\/watch?v=KJvd2jDpRrs&quot;,&quot;video_type&quot;:&quot;youtube&quot;,&quot;controls&quot;:&quot;yes&quot;}\" data-widget_type=\"video.default\">\n\t\t\t\t<div class=\"elementor-widget-container\">\n\t\t\t\t\t\t\t<div class=\"elementor-wrapper elementor-open-inline\">\n\t\t\t<div class=\"elementor-video\"><\/div>\t\t<\/div>\n\t\t\t\t\t\t<\/div>\n\t\t\t\t<\/div>\n\t\t\t\t\t<\/div>\n\t\t<\/div>\n\t\t\t\t\t<\/div>\n\t\t<\/section>\n\t\t\t\t<section class=\"elementor-section elementor-inner-section elementor-element elementor-element-28cfd42 elementor-section-boxed elementor-section-height-default elementor-section-height-default\" data-id=\"28cfd42\" data-element_type=\"section\" data-e-type=\"section\">\n\t\t\t\t\t\t<div class=\"elementor-container elementor-column-gap-default\">\n\t\t\t\t\t<div class=\"elementor-column elementor-col-50 elementor-inner-column elementor-element elementor-element-49dd000\" data-id=\"49dd000\" data-element_type=\"column\" data-e-type=\"column\">\n\t\t\t<div class=\"elementor-widget-wrap elementor-element-populated\">\n\t\t\t\t\t\t<div class=\"elementor-element elementor-element-f6fc952 de_scroll_animation_no elementor-widget elementor-widget-video\" data-id=\"f6fc952\" data-element_type=\"widget\" data-e-type=\"widget\" data-settings=\"{&quot;youtube_url&quot;:&quot;https:\\\/\\\/www.youtube.com\\\/watch?v=g9PueMxwxK8&quot;,&quot;video_type&quot;:&quot;youtube&quot;,&quot;controls&quot;:&quot;yes&quot;}\" data-widget_type=\"video.default\">\n\t\t\t\t<div class=\"elementor-widget-container\">\n\t\t\t\t\t\t\t<div class=\"elementor-wrapper elementor-open-inline\">\n\t\t\t<div class=\"elementor-video\"><\/div>\t\t<\/div>\n\t\t\t\t\t\t<\/div>\n\t\t\t\t<\/div>\n\t\t\t\t\t<\/div>\n\t\t<\/div>\n\t\t\t\t<div class=\"elementor-column elementor-col-50 elementor-inner-column elementor-element elementor-element-f3afe69\" data-id=\"f3afe69\" data-element_type=\"column\" data-e-type=\"column\">\n\t\t\t<div class=\"elementor-widget-wrap elementor-element-populated\">\n\t\t\t\t\t\t<div class=\"elementor-element elementor-element-4d79589 de_scroll_animation_no elementor-widget elementor-widget-video\" data-id=\"4d79589\" data-element_type=\"widget\" data-e-type=\"widget\" data-settings=\"{&quot;youtube_url&quot;:&quot;https:\\\/\\\/www.youtube.com\\\/watch?v=FXWXYagRvZE&quot;,&quot;video_type&quot;:&quot;youtube&quot;,&quot;controls&quot;:&quot;yes&quot;}\" data-widget_type=\"video.default\">\n\t\t\t\t<div class=\"elementor-widget-container\">\n\t\t\t\t\t\t\t<div class=\"elementor-wrapper elementor-open-inline\">\n\t\t\t<div class=\"elementor-video\"><\/div>\t\t<\/div>\n\t\t\t\t\t\t<\/div>\n\t\t\t\t<\/div>\n\t\t\t\t\t<\/div>\n\t\t<\/div>\n\t\t\t\t\t<\/div>\n\t\t<\/section>\n\t\t\t\t<section class=\"elementor-section elementor-inner-section elementor-element elementor-element-76ed539 elementor-section-boxed elementor-section-height-default elementor-section-height-default\" data-id=\"76ed539\" data-element_type=\"section\" data-e-type=\"section\">\n\t\t\t\t\t\t<div class=\"elementor-container elementor-column-gap-default\">\n\t\t\t\t\t<div class=\"elementor-column elementor-col-50 elementor-inner-column elementor-element elementor-element-3250d21\" data-id=\"3250d21\" data-element_type=\"column\" data-e-type=\"column\">\n\t\t\t<div class=\"elementor-widget-wrap elementor-element-populated\">\n\t\t\t\t\t\t<div class=\"elementor-element elementor-element-a8bb3bd de_scroll_animation_no elementor-widget elementor-widget-video\" data-id=\"a8bb3bd\" data-element_type=\"widget\" data-e-type=\"widget\" data-settings=\"{&quot;youtube_url&quot;:&quot;https:\\\/\\\/www.youtube.com\\\/watch?v=60eTJCb_wnk&quot;,&quot;video_type&quot;:&quot;youtube&quot;,&quot;controls&quot;:&quot;yes&quot;}\" data-widget_type=\"video.default\">\n\t\t\t\t<div class=\"elementor-widget-container\">\n\t\t\t\t\t\t\t<div class=\"elementor-wrapper elementor-open-inline\">\n\t\t\t<div class=\"elementor-video\"><\/div>\t\t<\/div>\n\t\t\t\t\t\t<\/div>\n\t\t\t\t<\/div>\n\t\t\t\t\t<\/div>\n\t\t<\/div>\n\t\t\t\t<div class=\"elementor-column elementor-col-50 elementor-inner-column elementor-element elementor-element-8486ba3\" data-id=\"8486ba3\" data-element_type=\"column\" data-e-type=\"column\">\n\t\t\t<div class=\"elementor-widget-wrap elementor-element-populated\">\n\t\t\t\t\t\t<div class=\"elementor-element elementor-element-9b143d0 de_scroll_animation_no elementor-widget elementor-widget-video\" data-id=\"9b143d0\" data-element_type=\"widget\" data-e-type=\"widget\" data-settings=\"{&quot;youtube_url&quot;:&quot;https:\\\/\\\/www.youtube.com\\\/watch?v=yt01qyNPR30&quot;,&quot;video_type&quot;:&quot;youtube&quot;,&quot;controls&quot;:&quot;yes&quot;}\" data-widget_type=\"video.default\">\n\t\t\t\t<div class=\"elementor-widget-container\">\n\t\t\t\t\t\t\t<div class=\"elementor-wrapper elementor-open-inline\">\n\t\t\t<div class=\"elementor-video\"><\/div>\t\t<\/div>\n\t\t\t\t\t\t<\/div>\n\t\t\t\t<\/div>\n\t\t\t\t\t<\/div>\n\t\t<\/div>\n\t\t\t\t\t<\/div>\n\t\t<\/section>\n\t\t\t\t\t<\/div>\n\t\t<\/div>\n\t\t\t\t\t<\/div>\n\t\t<\/section>\n\t\t\t\t<\/div>","protected":false},"excerpt":{"rendered":"<p>FORMACI\u00d3N https:\/\/www.youtube.com\/watch?v=f7NQpxovKz0https:\/\/www.youtube.com\/watch?v=SjJ9dSIE1Oohttps:\/\/www.youtube.com\/watch?v=ntt6UNpfqTMhttps:\/\/www.youtube.com\/watch?v=KJvd2jDpRrshttps:\/\/www.youtube.com\/watch?v=g9PueMxwxK8https:\/\/www.youtube.com\/watch?v=FXWXYagRvZEhttps:\/\/www.youtube.com\/watch?v=60eTJCb_wnkhttps:\/\/www.youtube.com\/watch?v=yt01qyNPR30<\/p>","protected":false},"author":8,"featured_media":0,"parent":0,"menu_order":0,"comment_status":"closed","ping_status":"closed","template":"elementor_header_footer","meta":{"footnotes":""},"class_list":["post-32632","page","type-page","status-publish","hentry"],"yoast_head":"<!-- This site is optimized with the Yoast SEO Premium plugin v21.7 (Yoast SEO v27.4) - https:\/\/yoast.com\/product\/yoast-seo-premium-wordpress\/ -->\n<title>Formaci\u00f3n | AR Marketing Digital<\/title>\n<meta name=\"robots\" content=\"index, follow, max-snippet:-1, max-image-preview:large, max-video-preview:-1\" \/>\n<link rel=\"canonical\" href=\"https:\/\/armarketingdigital.com\/en\/formacion-2\/\" \/>\n<meta property=\"og:locale\" content=\"en_US\" \/>\n<meta property=\"og:type\" content=\"article\" \/>\n<meta property=\"og:title\" content=\"Formaci\u00f3n\" \/>\n<meta property=\"og:description\" content=\"FORMACI\u00d3N https:\/\/www.youtube.com\/watch?v=f7NQpxovKz0https:\/\/www.youtube.com\/watch?v=SjJ9dSIE1Oohttps:\/\/www.youtube.com\/watch?v=ntt6UNpfqTMhttps:\/\/www.youtube.com\/watch?v=KJvd2jDpRrshttps:\/\/www.youtube.com\/watch?v=g9PueMxwxK8https:\/\/www.youtube.com\/watch?v=FXWXYagRvZEhttps:\/\/www.youtube.com\/watch?v=60eTJCb_wnkhttps:\/\/www.youtube.com\/watch?v=yt01qyNPR30\" \/>\n<meta property=\"og:url\" content=\"https:\/\/armarketingdigital.com\/en\/formacion-2\/\" \/>\n<meta property=\"og:site_name\" content=\"AR Marketing Digital\" \/>\n<meta property=\"article:publisher\" content=\"https:\/\/www.facebook.com\/armarketingdigital.col\" \/>\n<meta property=\"article:modified_time\" content=\"2023-08-08T13:16:54+00:00\" \/>\n<meta property=\"og:image\" content=\"https:\/\/armarketingdigital.com\/wp-content\/uploads\/2023\/07\/baner1920x10806.png\" \/>\n<meta name=\"twitter:card\" content=\"summary_large_image\" \/>\n<meta name=\"twitter:label1\" content=\"Est. reading time\" \/>\n\t<meta name=\"twitter:data1\" content=\"1 minute\" \/>\n<script type=\"application\/ld+json\" class=\"yoast-schema-graph\">{\"@context\":\"https:\\\/\\\/schema.org\",\"@graph\":[{\"@type\":\"WebPage\",\"@id\":\"https:\\\/\\\/armarketingdigital.com\\\/formacion-2\\\/\",\"url\":\"https:\\\/\\\/armarketingdigital.com\\\/formacion-2\\\/\",\"name\":\"Formaci\u00f3n | AR Marketing Digital\",\"isPartOf\":{\"@id\":\"https:\\\/\\\/armarketingdigital.com\\\/#website\"},\"primaryImageOfPage\":{\"@id\":\"https:\\\/\\\/armarketingdigital.com\\\/formacion-2\\\/#primaryimage\"},\"image\":{\"@id\":\"https:\\\/\\\/armarketingdigital.com\\\/formacion-2\\\/#primaryimage\"},\"thumbnailUrl\":\"https:\\\/\\\/armarketingdigital.com\\\/wp-content\\\/uploads\\\/2023\\\/07\\\/baner1920x10806.png\",\"datePublished\":\"2023-08-08T13:12:51+00:00\",\"dateModified\":\"2023-08-08T13:16:54+00:00\",\"breadcrumb\":{\"@id\":\"https:\\\/\\\/armarketingdigital.com\\\/formacion-2\\\/#breadcrumb\"},\"inLanguage\":\"en-US\",\"potentialAction\":[{\"@type\":\"ReadAction\",\"target\":[\"https:\\\/\\\/armarketingdigital.com\\\/formacion-2\\\/\"]}]},{\"@type\":\"ImageObject\",\"inLanguage\":\"en-US\",\"@id\":\"https:\\\/\\\/armarketingdigital.com\\\/formacion-2\\\/#primaryimage\",\"url\":\"https:\\\/\\\/armarketingdigital.com\\\/wp-content\\\/uploads\\\/2023\\\/07\\\/baner1920x10806.png\",\"contentUrl\":\"https:\\\/\\\/armarketingdigital.com\\\/wp-content\\\/uploads\\\/2023\\\/07\\\/baner1920x10806.png\"},{\"@type\":\"BreadcrumbList\",\"@id\":\"https:\\\/\\\/armarketingdigital.com\\\/formacion-2\\\/#breadcrumb\",\"itemListElement\":[{\"@type\":\"ListItem\",\"position\":1,\"name\":\"Portada\",\"item\":\"https:\\\/\\\/armarketingdigital.com\\\/\"},{\"@type\":\"ListItem\",\"position\":2,\"name\":\"Formaci\u00f3n\"}]},{\"@type\":\"WebSite\",\"@id\":\"https:\\\/\\\/armarketingdigital.com\\\/#website\",\"url\":\"https:\\\/\\\/armarketingdigital.com\\\/\",\"name\":\"AR Marketing Digital\",\"description\":\"Somos expertos centrados en dise\u00f1os y estrategias de marketing digital, enfocados en posicionar su producto como l\u00edder del mercado. Centramos nuestra actividad en potenciar su marca para generar un v\u00ednculo con el consumidor incrementando as\u00ed el valor de su producto y los beneficios para su empresa.\",\"publisher\":{\"@id\":\"https:\\\/\\\/armarketingdigital.com\\\/#organization\"},\"potentialAction\":[{\"@type\":\"SearchAction\",\"target\":{\"@type\":\"EntryPoint\",\"urlTemplate\":\"https:\\\/\\\/armarketingdigital.com\\\/?s={search_term_string}\"},\"query-input\":{\"@type\":\"PropertyValueSpecification\",\"valueRequired\":true,\"valueName\":\"search_term_string\"}}],\"inLanguage\":\"en-US\"},{\"@type\":[\"Organization\",\"Place\"],\"@id\":\"https:\\\/\\\/armarketingdigital.com\\\/#organization\",\"name\":\"AR MARKETING DIGITAL\",\"url\":\"https:\\\/\\\/armarketingdigital.com\\\/\",\"logo\":{\"@id\":\"https:\\\/\\\/armarketingdigital.com\\\/formacion-2\\\/#local-main-organization-logo\"},\"image\":{\"@id\":\"https:\\\/\\\/armarketingdigital.com\\\/formacion-2\\\/#local-main-organization-logo\"},\"sameAs\":[\"https:\\\/\\\/www.facebook.com\\\/armarketingdigital.col\",\"https:\\\/\\\/www.instagram.com\\\/ar_marketingdigital\\\/\"],\"address\":{\"@id\":\"https:\\\/\\\/armarketingdigital.com\\\/formacion-2\\\/#local-main-place-address\"},\"telephone\":[\"3105324575\"],\"openingHoursSpecification\":{\"@type\":\"OpeningHoursSpecification\",\"dayOfWeek\":[\"Monday\",\"Tuesday\",\"Wednesday\",\"Thursday\",\"Friday\",\"Saturday\",\"Sunday\"],\"opens\":\"00:00\",\"closes\":\"23:59\"},\"email\":\"agencia@armarketingdigital.com\"},{\"@type\":\"PostalAddress\",\"@id\":\"https:\\\/\\\/armarketingdigital.com\\\/formacion-2\\\/#local-main-place-address\",\"streetAddress\":\"V\u00eda la reforma, callejon el rodadero - Casa 3, Cali, Valle del Cauca\",\"addressLocality\":\"Cali\",\"postalCode\":\"00000\",\"addressCountry\":\"CO\"},{\"@type\":\"ImageObject\",\"inLanguage\":\"en-US\",\"@id\":\"https:\\\/\\\/armarketingdigital.com\\\/formacion-2\\\/#local-main-organization-logo\",\"url\":\"https:\\\/\\\/armarketingdigital.com\\\/wp-content\\\/uploads\\\/2021\\\/12\\\/logo-ar.png\",\"contentUrl\":\"https:\\\/\\\/armarketingdigital.com\\\/wp-content\\\/uploads\\\/2021\\\/12\\\/logo-ar.png\",\"width\":625,\"height\":625,\"caption\":\"AR MARKETING DIGITAL\"}]}<\/script>\n<meta name=\"geo.placename\" content=\"Cali\" \/>\n<meta name=\"geo.region\" content=\"Colombia\" \/>\n<!-- \/ Yoast SEO Premium plugin. -->","yoast_head_json":{"title":"Formaci\u00f3n | AR Marketing Digital","robots":{"index":"index","follow":"follow","max-snippet":"max-snippet:-1","max-image-preview":"max-image-preview:large","max-video-preview":"max-video-preview:-1"},"canonical":"https:\/\/armarketingdigital.com\/en\/formacion-2\/","og_locale":"en_US","og_type":"article","og_title":"Formaci\u00f3n","og_description":"FORMACI\u00d3N https:\/\/www.youtube.com\/watch?v=f7NQpxovKz0https:\/\/www.youtube.com\/watch?v=SjJ9dSIE1Oohttps:\/\/www.youtube.com\/watch?v=ntt6UNpfqTMhttps:\/\/www.youtube.com\/watch?v=KJvd2jDpRrshttps:\/\/www.youtube.com\/watch?v=g9PueMxwxK8https:\/\/www.youtube.com\/watch?v=FXWXYagRvZEhttps:\/\/www.youtube.com\/watch?v=60eTJCb_wnkhttps:\/\/www.youtube.com\/watch?v=yt01qyNPR30","og_url":"https:\/\/armarketingdigital.com\/en\/formacion-2\/","og_site_name":"AR Marketing Digital","article_publisher":"https:\/\/www.facebook.com\/armarketingdigital.col","article_modified_time":"2023-08-08T13:16:54+00:00","og_image":[{"url":"https:\/\/armarketingdigital.com\/wp-content\/uploads\/2023\/07\/baner1920x10806.png","type":"","width":"","height":""}],"twitter_card":"summary_large_image","twitter_misc":{"Est. reading time":"1 minute"},"schema":{"@context":"https:\/\/schema.org","@graph":[{"@type":"WebPage","@id":"https:\/\/armarketingdigital.com\/formacion-2\/","url":"https:\/\/armarketingdigital.com\/formacion-2\/","name":"Formaci\u00f3n | AR Marketing Digital","isPartOf":{"@id":"https:\/\/armarketingdigital.com\/#website"},"primaryImageOfPage":{"@id":"https:\/\/armarketingdigital.com\/formacion-2\/#primaryimage"},"image":{"@id":"https:\/\/armarketingdigital.com\/formacion-2\/#primaryimage"},"thumbnailUrl":"https:\/\/armarketingdigital.com\/wp-content\/uploads\/2023\/07\/baner1920x10806.png","datePublished":"2023-08-08T13:12:51+00:00","dateModified":"2023-08-08T13:16:54+00:00","breadcrumb":{"@id":"https:\/\/armarketingdigital.com\/formacion-2\/#breadcrumb"},"inLanguage":"en-US","potentialAction":[{"@type":"ReadAction","target":["https:\/\/armarketingdigital.com\/formacion-2\/"]}]},{"@type":"ImageObject","inLanguage":"en-US","@id":"https:\/\/armarketingdigital.com\/formacion-2\/#primaryimage","url":"https:\/\/armarketingdigital.com\/wp-content\/uploads\/2023\/07\/baner1920x10806.png","contentUrl":"https:\/\/armarketingdigital.com\/wp-content\/uploads\/2023\/07\/baner1920x10806.png"},{"@type":"BreadcrumbList","@id":"https:\/\/armarketingdigital.com\/formacion-2\/#breadcrumb","itemListElement":[{"@type":"ListItem","position":1,"name":"Portada","item":"https:\/\/armarketingdigital.com\/"},{"@type":"ListItem","position":2,"name":"Formaci\u00f3n"}]},{"@type":"WebSite","@id":"https:\/\/armarketingdigital.com\/#website","url":"https:\/\/armarketingdigital.com\/","name":"AR Marketing Digital","description":"Somos expertos centrados en dise\u00f1os y estrategias de marketing digital, enfocados en posicionar su producto como l\u00edder del mercado. Centramos nuestra actividad en potenciar su marca para generar un v\u00ednculo con el consumidor incrementando as\u00ed el valor de su producto y los beneficios para su empresa.","publisher":{"@id":"https:\/\/armarketingdigital.com\/#organization"},"potentialAction":[{"@type":"SearchAction","target":{"@type":"EntryPoint","urlTemplate":"https:\/\/armarketingdigital.com\/?s={search_term_string}"},"query-input":{"@type":"PropertyValueSpecification","valueRequired":true,"valueName":"search_term_string"}}],"inLanguage":"en-US"},{"@type":["Organization","Place"],"@id":"https:\/\/armarketingdigital.com\/#organization","name":"AR MARKETING DIGITAL","url":"https:\/\/armarketingdigital.com\/","logo":{"@id":"https:\/\/armarketingdigital.com\/formacion-2\/#local-main-organization-logo"},"image":{"@id":"https:\/\/armarketingdigital.com\/formacion-2\/#local-main-organization-logo"},"sameAs":["https:\/\/www.facebook.com\/armarketingdigital.col","https:\/\/www.instagram.com\/ar_marketingdigital\/"],"address":{"@id":"https:\/\/armarketingdigital.com\/formacion-2\/#local-main-place-address"},"telephone":["3105324575"],"openingHoursSpecification":{"@type":"OpeningHoursSpecification","dayOfWeek":["Monday","Tuesday","Wednesday","Thursday","Friday","Saturday","Sunday"],"opens":"00:00","closes":"23:59"},"email":"agencia@armarketingdigital.com"},{"@type":"PostalAddress","@id":"https:\/\/armarketingdigital.com\/formacion-2\/#local-main-place-address","streetAddress":"V\u00eda la reforma, callejon el rodadero - Casa 3, Cali, Valle del Cauca","addressLocality":"Cali","postalCode":"00000","addressCountry":"CO"},{"@type":"ImageObject","inLanguage":"en-US","@id":"https:\/\/armarketingdigital.com\/formacion-2\/#local-main-organization-logo","url":"https:\/\/armarketingdigital.com\/wp-content\/uploads\/2021\/12\/logo-ar.png","contentUrl":"https:\/\/armarketingdigital.com\/wp-content\/uploads\/2021\/12\/logo-ar.png","width":625,"height":625,"caption":"AR MARKETING DIGITAL"}]},"geo.placename":"Cali","geo.region":"Colombia"},"_links":{"self":[{"href":"https:\/\/armarketingdigital.com\/en\/wp-json\/wp\/v2\/pages\/32632","targetHints":{"allow":["GET"]}}],"collection":[{"href":"https:\/\/armarketingdigital.com\/en\/wp-json\/wp\/v2\/pages"}],"about":[{"href":"https:\/\/armarketingdigital.com\/en\/wp-json\/wp\/v2\/types\/page"}],"author":[{"embeddable":true,"href":"https:\/\/armarketingdigital.com\/en\/wp-json\/wp\/v2\/users\/8"}],"replies":[{"embeddable":true,"href":"https:\/\/armarketingdigital.com\/en\/wp-json\/wp\/v2\/comments?post=32632"}],"version-history":[{"count":0,"href":"https:\/\/armarketingdigital.com\/en\/wp-json\/wp\/v2\/pages\/32632\/revisions"}],"wp:attachment":[{"href":"https:\/\/armarketingdigital.com\/en\/wp-json\/wp\/v2\/media?parent=32632"}],"curies":[{"name":"wp","href":"https:\/\/api.w.org\/{rel}","templated":true}]}}