{"id":32633,"date":"2023-08-08T13:12:43","date_gmt":"2023-08-08T13:12:43","guid":{"rendered":"https:\/\/armarketingdigital.com\/?page_id=32633"},"modified":"2023-08-08T13:19:04","modified_gmt":"2023-08-08T13:19:04","slug":"capacitaciones","status":"publish","type":"page","link":"https:\/\/armarketingdigital.com\/en\/capacitaciones\/","title":{"rendered":"Capacitaciones"},"content":{"rendered":"<div data-elementor-type=\"wp-page\" data-elementor-id=\"32633\" class=\"elementor elementor-32633\" data-elementor-post-type=\"page\">\n\t\t\t\t\t\t<section class=\"elementor-section elementor-top-section elementor-element elementor-element-50869e9 elementor-section-full_width elementor-section-height-default elementor-section-height-default\" data-id=\"50869e9\" data-element_type=\"section\" data-e-type=\"section\" data-settings=\"{&quot;background_background&quot;:&quot;classic&quot;}\">\n\t\t\t\t\t\t<div class=\"elementor-container elementor-column-gap-default\">\n\t\t\t\t\t<div class=\"elementor-column elementor-col-50 elementor-top-column elementor-element elementor-element-a99d5e8\" data-id=\"a99d5e8\" data-element_type=\"column\" data-e-type=\"column\">\n\t\t\t<div class=\"elementor-widget-wrap elementor-element-populated\">\n\t\t\t\t\t\t<div class=\"elementor-element elementor-element-4ecf476 de_scroll_animation_no elementor-widget elementor-widget-image\" data-id=\"4ecf476\" data-element_type=\"widget\" data-e-type=\"widget\" data-widget_type=\"image.default\">\n\t\t\t\t<div class=\"elementor-widget-container\">\n\t\t\t\t\t\t\t\t\t\t\t\t\t\t\t<img fetchpriority=\"high\" decoding=\"async\" width=\"489\" height=\"109\" src=\"https:\/\/armarketingdigital.com\/wp-content\/uploads\/2023\/07\/baner1920x10806.png\" class=\"attachment-full size-full wp-image-32028\" alt=\"\" srcset=\"https:\/\/armarketingdigital.com\/wp-content\/uploads\/2023\/07\/baner1920x10806.png 489w, https:\/\/armarketingdigital.com\/wp-content\/uploads\/2023\/07\/baner1920x10806-300x67.png 300w, https:\/\/armarketingdigital.com\/wp-content\/uploads\/2023\/07\/baner1920x10806-18x4.png 18w\" sizes=\"(max-width: 489px) 100vw, 489px\" \/>\t\t\t\t\t\t\t\t\t\t\t\t\t\t\t<\/div>\n\t\t\t\t<\/div>\n\t\t\t\t<div class=\"elementor-element elementor-element-af37169 de_scroll_animation_no elementor-widget elementor-widget-heading\" data-id=\"af37169\" data-element_type=\"widget\" data-e-type=\"widget\" data-widget_type=\"heading.default\">\n\t\t\t\t<div class=\"elementor-widget-container\">\n\t\t\t\t\t<h2 class=\"elementor-heading-title elementor-size-default\">CAPACITACIONES<\/h2>\t\t\t\t<\/div>\n\t\t\t\t<\/div>\n\t\t\t\t\t<\/div>\n\t\t<\/div>\n\t\t\t\t<div class=\"elementor-column elementor-col-50 elementor-top-column elementor-element elementor-element-8699cec\" data-id=\"8699cec\" data-element_type=\"column\" data-e-type=\"column\">\n\t\t\t<div class=\"elementor-widget-wrap elementor-element-populated\">\n\t\t\t\t\t\t<div class=\"elementor-element elementor-element-1cb7cc6 de_scroll_animation_no elementor-widget elementor-widget-image\" data-id=\"1cb7cc6\" data-element_type=\"widget\" data-e-type=\"widget\" data-widget_type=\"image.default\">\n\t\t\t\t<div class=\"elementor-widget-container\">\n\t\t\t\t\t\t\t\t\t\t\t\t\t\t\t<img decoding=\"async\" width=\"1254\" height=\"1116\" src=\"https:\/\/armarketingdigital.com\/wp-content\/uploads\/2023\/07\/Diseno-sin-titulo-9-e1690837964223.png\" class=\"attachment-full size-full wp-image-32321\" alt=\"\" srcset=\"https:\/\/armarketingdigital.com\/wp-content\/uploads\/2023\/07\/Diseno-sin-titulo-9-e1690837964223.png 1254w, https:\/\/armarketingdigital.com\/wp-content\/uploads\/2023\/07\/Diseno-sin-titulo-9-e1690837964223-300x267.png 300w, https:\/\/armarketingdigital.com\/wp-content\/uploads\/2023\/07\/Diseno-sin-titulo-9-e1690837964223-1024x911.png 1024w, https:\/\/armarketingdigital.com\/wp-content\/uploads\/2023\/07\/Diseno-sin-titulo-9-e1690837964223-768x683.png 768w, https:\/\/armarketingdigital.com\/wp-content\/uploads\/2023\/07\/Diseno-sin-titulo-9-e1690837964223-13x12.png 13w, https:\/\/armarketingdigital.com\/wp-content\/uploads\/2023\/07\/Diseno-sin-titulo-9-e1690837964223-600x534.png 600w\" sizes=\"(max-width: 1254px) 100vw, 1254px\" \/>\t\t\t\t\t\t\t\t\t\t\t\t\t\t\t<\/div>\n\t\t\t\t<\/div>\n\t\t\t\t\t<\/div>\n\t\t<\/div>\n\t\t\t\t\t<\/div>\n\t\t<\/section>\n\t\t\t\t<section class=\"elementor-section elementor-top-section elementor-element elementor-element-55e3980 elementor-section-boxed elementor-section-height-default elementor-section-height-default\" data-id=\"55e3980\" data-element_type=\"section\" data-e-type=\"section\" data-settings=\"{&quot;background_background&quot;:&quot;classic&quot;}\">\n\t\t\t\t\t\t\t<div class=\"elementor-background-overlay\"><\/div>\n\t\t\t\t\t\t\t<div class=\"elementor-container elementor-column-gap-default\">\n\t\t\t\t\t<div class=\"elementor-column elementor-col-100 elementor-top-column elementor-element elementor-element-ad8c121\" data-id=\"ad8c121\" data-element_type=\"column\" data-e-type=\"column\">\n\t\t\t<div class=\"elementor-widget-wrap elementor-element-populated\">\n\t\t\t\t\t\t<section class=\"elementor-section elementor-inner-section elementor-element elementor-element-9cd126c elementor-section-boxed elementor-section-height-default elementor-section-height-default\" data-id=\"9cd126c\" data-element_type=\"section\" data-e-type=\"section\">\n\t\t\t\t\t\t<div class=\"elementor-container elementor-column-gap-default\">\n\t\t\t\t\t<div class=\"elementor-column elementor-col-50 elementor-inner-column elementor-element elementor-element-72963e8\" data-id=\"72963e8\" data-element_type=\"column\" data-e-type=\"column\">\n\t\t\t<div class=\"elementor-widget-wrap elementor-element-populated\">\n\t\t\t\t\t\t<div class=\"elementor-element elementor-element-8a3d36c de_scroll_animation_no elementor-widget elementor-widget-video\" data-id=\"8a3d36c\" data-element_type=\"widget\" data-e-type=\"widget\" data-settings=\"{&quot;youtube_url&quot;:&quot;https:\\\/\\\/www.youtube.com\\\/watch?v=f7NQpxovKz0&quot;,&quot;video_type&quot;:&quot;youtube&quot;,&quot;controls&quot;:&quot;yes&quot;}\" data-widget_type=\"video.default\">\n\t\t\t\t<div class=\"elementor-widget-container\">\n\t\t\t\t\t\t\t<div class=\"elementor-wrapper elementor-open-inline\">\n\t\t\t<div class=\"elementor-video\"><\/div>\t\t<\/div>\n\t\t\t\t\t\t<\/div>\n\t\t\t\t<\/div>\n\t\t\t\t\t<\/div>\n\t\t<\/div>\n\t\t\t\t<div class=\"elementor-column elementor-col-50 elementor-inner-column elementor-element elementor-element-30fe579\" data-id=\"30fe579\" data-element_type=\"column\" data-e-type=\"column\">\n\t\t\t<div class=\"elementor-widget-wrap elementor-element-populated\">\n\t\t\t\t\t\t<div class=\"elementor-element elementor-element-6e2101a de_scroll_animation_no elementor-widget elementor-widget-video\" data-id=\"6e2101a\" data-element_type=\"widget\" data-e-type=\"widget\" data-settings=\"{&quot;youtube_url&quot;:&quot;https:\\\/\\\/www.youtube.com\\\/watch?v=SjJ9dSIE1Oo&quot;,&quot;video_type&quot;:&quot;youtube&quot;,&quot;controls&quot;:&quot;yes&quot;}\" data-widget_type=\"video.default\">\n\t\t\t\t<div class=\"elementor-widget-container\">\n\t\t\t\t\t\t\t<div class=\"elementor-wrapper elementor-open-inline\">\n\t\t\t<div class=\"elementor-video\"><\/div>\t\t<\/div>\n\t\t\t\t\t\t<\/div>\n\t\t\t\t<\/div>\n\t\t\t\t\t<\/div>\n\t\t<\/div>\n\t\t\t\t\t<\/div>\n\t\t<\/section>\n\t\t\t\t<section class=\"elementor-section elementor-inner-section elementor-element elementor-element-53d6541 elementor-section-boxed elementor-section-height-default elementor-section-height-default\" data-id=\"53d6541\" data-element_type=\"section\" data-e-type=\"section\">\n\t\t\t\t\t\t<div class=\"elementor-container elementor-column-gap-default\">\n\t\t\t\t\t<div class=\"elementor-column elementor-col-50 elementor-inner-column elementor-element elementor-element-276fc63\" data-id=\"276fc63\" data-element_type=\"column\" data-e-type=\"column\">\n\t\t\t<div class=\"elementor-widget-wrap elementor-element-populated\">\n\t\t\t\t\t\t<div class=\"elementor-element elementor-element-7012ae0 de_scroll_animation_no elementor-widget elementor-widget-video\" data-id=\"7012ae0\" data-element_type=\"widget\" data-e-type=\"widget\" data-settings=\"{&quot;youtube_url&quot;:&quot;https:\\\/\\\/www.youtube.com\\\/watch?v=ntt6UNpfqTM&quot;,&quot;video_type&quot;:&quot;youtube&quot;,&quot;controls&quot;:&quot;yes&quot;}\" data-widget_type=\"video.default\">\n\t\t\t\t<div class=\"elementor-widget-container\">\n\t\t\t\t\t\t\t<div class=\"elementor-wrapper elementor-open-inline\">\n\t\t\t<div class=\"elementor-video\"><\/div>\t\t<\/div>\n\t\t\t\t\t\t<\/div>\n\t\t\t\t<\/div>\n\t\t\t\t\t<\/div>\n\t\t<\/div>\n\t\t\t\t<div class=\"elementor-column elementor-col-50 elementor-inner-column elementor-element elementor-element-2da1baf\" data-id=\"2da1baf\" data-element_type=\"column\" data-e-type=\"column\">\n\t\t\t<div class=\"elementor-widget-wrap elementor-element-populated\">\n\t\t\t\t\t\t<div class=\"elementor-element elementor-element-aab5b9e de_scroll_animation_no elementor-widget elementor-widget-video\" data-id=\"aab5b9e\" data-element_type=\"widget\" data-e-type=\"widget\" data-settings=\"{&quot;youtube_url&quot;:&quot;https:\\\/\\\/www.youtube.com\\\/watch?v=KJvd2jDpRrs&quot;,&quot;video_type&quot;:&quot;youtube&quot;,&quot;controls&quot;:&quot;yes&quot;}\" data-widget_type=\"video.default\">\n\t\t\t\t<div class=\"elementor-widget-container\">\n\t\t\t\t\t\t\t<div class=\"elementor-wrapper elementor-open-inline\">\n\t\t\t<div class=\"elementor-video\"><\/div>\t\t<\/div>\n\t\t\t\t\t\t<\/div>\n\t\t\t\t<\/div>\n\t\t\t\t\t<\/div>\n\t\t<\/div>\n\t\t\t\t\t<\/div>\n\t\t<\/section>\n\t\t\t\t<section class=\"elementor-section elementor-inner-section elementor-element elementor-element-76e6a3e elementor-section-boxed elementor-section-height-default elementor-section-height-default\" data-id=\"76e6a3e\" data-element_type=\"section\" data-e-type=\"section\">\n\t\t\t\t\t\t<div class=\"elementor-container elementor-column-gap-default\">\n\t\t\t\t\t<div class=\"elementor-column elementor-col-50 elementor-inner-column elementor-element elementor-element-8f93cea\" data-id=\"8f93cea\" data-element_type=\"column\" data-e-type=\"column\">\n\t\t\t<div class=\"elementor-widget-wrap elementor-element-populated\">\n\t\t\t\t\t\t<div class=\"elementor-element elementor-element-fa4a685 de_scroll_animation_no elementor-widget elementor-widget-video\" data-id=\"fa4a685\" data-element_type=\"widget\" data-e-type=\"widget\" data-settings=\"{&quot;youtube_url&quot;:&quot;https:\\\/\\\/www.youtube.com\\\/watch?v=g9PueMxwxK8&quot;,&quot;video_type&quot;:&quot;youtube&quot;,&quot;controls&quot;:&quot;yes&quot;}\" data-widget_type=\"video.default\">\n\t\t\t\t<div class=\"elementor-widget-container\">\n\t\t\t\t\t\t\t<div class=\"elementor-wrapper elementor-open-inline\">\n\t\t\t<div class=\"elementor-video\"><\/div>\t\t<\/div>\n\t\t\t\t\t\t<\/div>\n\t\t\t\t<\/div>\n\t\t\t\t\t<\/div>\n\t\t<\/div>\n\t\t\t\t<div class=\"elementor-column elementor-col-50 elementor-inner-column elementor-element elementor-element-1577505\" data-id=\"1577505\" data-element_type=\"column\" data-e-type=\"column\">\n\t\t\t<div class=\"elementor-widget-wrap elementor-element-populated\">\n\t\t\t\t\t\t<div class=\"elementor-element elementor-element-0090f3d de_scroll_animation_no elementor-widget elementor-widget-video\" data-id=\"0090f3d\" data-element_type=\"widget\" data-e-type=\"widget\" data-settings=\"{&quot;youtube_url&quot;:&quot;https:\\\/\\\/www.youtube.com\\\/watch?v=FXWXYagRvZE&quot;,&quot;video_type&quot;:&quot;youtube&quot;,&quot;controls&quot;:&quot;yes&quot;}\" data-widget_type=\"video.default\">\n\t\t\t\t<div class=\"elementor-widget-container\">\n\t\t\t\t\t\t\t<div class=\"elementor-wrapper elementor-open-inline\">\n\t\t\t<div class=\"elementor-video\"><\/div>\t\t<\/div>\n\t\t\t\t\t\t<\/div>\n\t\t\t\t<\/div>\n\t\t\t\t\t<\/div>\n\t\t<\/div>\n\t\t\t\t\t<\/div>\n\t\t<\/section>\n\t\t\t\t<section class=\"elementor-section elementor-inner-section elementor-element elementor-element-4ee0acb elementor-section-boxed elementor-section-height-default elementor-section-height-default\" data-id=\"4ee0acb\" data-element_type=\"section\" data-e-type=\"section\">\n\t\t\t\t\t\t<div class=\"elementor-container elementor-column-gap-default\">\n\t\t\t\t\t<div class=\"elementor-column elementor-col-50 elementor-inner-column elementor-element elementor-element-3ab1c4e\" data-id=\"3ab1c4e\" data-element_type=\"column\" data-e-type=\"column\">\n\t\t\t<div class=\"elementor-widget-wrap elementor-element-populated\">\n\t\t\t\t\t\t<div class=\"elementor-element elementor-element-8077cde de_scroll_animation_no elementor-widget elementor-widget-video\" data-id=\"8077cde\" data-element_type=\"widget\" data-e-type=\"widget\" data-settings=\"{&quot;youtube_url&quot;:&quot;https:\\\/\\\/www.youtube.com\\\/watch?v=60eTJCb_wnk&quot;,&quot;video_type&quot;:&quot;youtube&quot;,&quot;controls&quot;:&quot;yes&quot;}\" data-widget_type=\"video.default\">\n\t\t\t\t<div class=\"elementor-widget-container\">\n\t\t\t\t\t\t\t<div class=\"elementor-wrapper elementor-open-inline\">\n\t\t\t<div class=\"elementor-video\"><\/div>\t\t<\/div>\n\t\t\t\t\t\t<\/div>\n\t\t\t\t<\/div>\n\t\t\t\t\t<\/div>\n\t\t<\/div>\n\t\t\t\t<div class=\"elementor-column elementor-col-50 elementor-inner-column elementor-element elementor-element-87475e7\" data-id=\"87475e7\" data-element_type=\"column\" data-e-type=\"column\">\n\t\t\t<div class=\"elementor-widget-wrap elementor-element-populated\">\n\t\t\t\t\t\t<div class=\"elementor-element elementor-element-7b29a4f de_scroll_animation_no elementor-widget elementor-widget-video\" data-id=\"7b29a4f\" data-element_type=\"widget\" data-e-type=\"widget\" data-settings=\"{&quot;youtube_url&quot;:&quot;https:\\\/\\\/www.youtube.com\\\/watch?v=yt01qyNPR30&quot;,&quot;video_type&quot;:&quot;youtube&quot;,&quot;controls&quot;:&quot;yes&quot;}\" data-widget_type=\"video.default\">\n\t\t\t\t<div class=\"elementor-widget-container\">\n\t\t\t\t\t\t\t<div class=\"elementor-wrapper elementor-open-inline\">\n\t\t\t<div class=\"elementor-video\"><\/div>\t\t<\/div>\n\t\t\t\t\t\t<\/div>\n\t\t\t\t<\/div>\n\t\t\t\t\t<\/div>\n\t\t<\/div>\n\t\t\t\t\t<\/div>\n\t\t<\/section>\n\t\t\t\t\t<\/div>\n\t\t<\/div>\n\t\t\t\t\t<\/div>\n\t\t<\/section>\n\t\t\t\t<\/div>","protected":false},"excerpt":{"rendered":"<p>CAPACITACIONES https:\/\/www.youtube.com\/watch?v=f7NQpxovKz0https:\/\/www.youtube.com\/watch?v=SjJ9dSIE1Oohttps:\/\/www.youtube.com\/watch?v=ntt6UNpfqTMhttps:\/\/www.youtube.com\/watch?v=KJvd2jDpRrshttps:\/\/www.youtube.com\/watch?v=g9PueMxwxK8https:\/\/www.youtube.com\/watch?v=FXWXYagRvZEhttps:\/\/www.youtube.com\/watch?v=60eTJCb_wnkhttps:\/\/www.youtube.com\/watch?v=yt01qyNPR30<\/p>","protected":false},"author":8,"featured_media":0,"parent":0,"menu_order":0,"comment_status":"closed","ping_status":"closed","template":"elementor_header_footer","meta":{"footnotes":""},"class_list":["post-32633","page","type-page","status-publish","hentry"],"yoast_head":"<!-- This site is optimized with the Yoast SEO Premium plugin v21.7 (Yoast SEO v27.4) - https:\/\/yoast.com\/product\/yoast-seo-premium-wordpress\/ -->\n<title>Capacitaciones | AR Marketing Digital<\/title>\n<meta name=\"robots\" content=\"index, follow, max-snippet:-1, max-image-preview:large, max-video-preview:-1\" \/>\n<link rel=\"canonical\" href=\"https:\/\/armarketingdigital.com\/en\/capacitaciones\/\" \/>\n<meta property=\"og:locale\" content=\"en_US\" \/>\n<meta property=\"og:type\" content=\"article\" \/>\n<meta property=\"og:title\" content=\"Capacitaciones\" \/>\n<meta property=\"og:description\" content=\"CAPACITACIONES https:\/\/www.youtube.com\/watch?v=f7NQpxovKz0https:\/\/www.youtube.com\/watch?v=SjJ9dSIE1Oohttps:\/\/www.youtube.com\/watch?v=ntt6UNpfqTMhttps:\/\/www.youtube.com\/watch?v=KJvd2jDpRrshttps:\/\/www.youtube.com\/watch?v=g9PueMxwxK8https:\/\/www.youtube.com\/watch?v=FXWXYagRvZEhttps:\/\/www.youtube.com\/watch?v=60eTJCb_wnkhttps:\/\/www.youtube.com\/watch?v=yt01qyNPR30\" \/>\n<meta property=\"og:url\" content=\"https:\/\/armarketingdigital.com\/en\/capacitaciones\/\" \/>\n<meta property=\"og:site_name\" content=\"AR Marketing Digital\" \/>\n<meta property=\"article:publisher\" content=\"https:\/\/www.facebook.com\/armarketingdigital.col\" \/>\n<meta property=\"article:modified_time\" content=\"2023-08-08T13:19:04+00:00\" \/>\n<meta property=\"og:image\" content=\"https:\/\/armarketingdigital.com\/wp-content\/uploads\/2023\/07\/baner1920x10806.png\" \/>\n<meta name=\"twitter:card\" content=\"summary_large_image\" \/>\n<meta name=\"twitter:label1\" content=\"Est. reading time\" \/>\n\t<meta name=\"twitter:data1\" content=\"1 minute\" \/>\n<script type=\"application\/ld+json\" class=\"yoast-schema-graph\">{\"@context\":\"https:\\\/\\\/schema.org\",\"@graph\":[{\"@type\":\"WebPage\",\"@id\":\"https:\\\/\\\/armarketingdigital.com\\\/capacitaciones\\\/\",\"url\":\"https:\\\/\\\/armarketingdigital.com\\\/capacitaciones\\\/\",\"name\":\"Capacitaciones | AR Marketing Digital\",\"isPartOf\":{\"@id\":\"https:\\\/\\\/armarketingdigital.com\\\/#website\"},\"primaryImageOfPage\":{\"@id\":\"https:\\\/\\\/armarketingdigital.com\\\/capacitaciones\\\/#primaryimage\"},\"image\":{\"@id\":\"https:\\\/\\\/armarketingdigital.com\\\/capacitaciones\\\/#primaryimage\"},\"thumbnailUrl\":\"https:\\\/\\\/armarketingdigital.com\\\/wp-content\\\/uploads\\\/2023\\\/07\\\/baner1920x10806.png\",\"datePublished\":\"2023-08-08T13:12:43+00:00\",\"dateModified\":\"2023-08-08T13:19:04+00:00\",\"breadcrumb\":{\"@id\":\"https:\\\/\\\/armarketingdigital.com\\\/capacitaciones\\\/#breadcrumb\"},\"inLanguage\":\"en-US\",\"potentialAction\":[{\"@type\":\"ReadAction\",\"target\":[\"https:\\\/\\\/armarketingdigital.com\\\/capacitaciones\\\/\"]}]},{\"@type\":\"ImageObject\",\"inLanguage\":\"en-US\",\"@id\":\"https:\\\/\\\/armarketingdigital.com\\\/capacitaciones\\\/#primaryimage\",\"url\":\"https:\\\/\\\/armarketingdigital.com\\\/wp-content\\\/uploads\\\/2023\\\/07\\\/baner1920x10806.png\",\"contentUrl\":\"https:\\\/\\\/armarketingdigital.com\\\/wp-content\\\/uploads\\\/2023\\\/07\\\/baner1920x10806.png\"},{\"@type\":\"BreadcrumbList\",\"@id\":\"https:\\\/\\\/armarketingdigital.com\\\/capacitaciones\\\/#breadcrumb\",\"itemListElement\":[{\"@type\":\"ListItem\",\"position\":1,\"name\":\"Portada\",\"item\":\"https:\\\/\\\/armarketingdigital.com\\\/\"},{\"@type\":\"ListItem\",\"position\":2,\"name\":\"Capacitaciones\"}]},{\"@type\":\"WebSite\",\"@id\":\"https:\\\/\\\/armarketingdigital.com\\\/#website\",\"url\":\"https:\\\/\\\/armarketingdigital.com\\\/\",\"name\":\"AR Marketing Digital\",\"description\":\"Somos expertos centrados en dise\u00f1os y estrategias de marketing digital, enfocados en posicionar su producto como l\u00edder del mercado. Centramos nuestra actividad en potenciar su marca para generar un v\u00ednculo con el consumidor incrementando as\u00ed el valor de su producto y los beneficios para su empresa.\",\"publisher\":{\"@id\":\"https:\\\/\\\/armarketingdigital.com\\\/#organization\"},\"potentialAction\":[{\"@type\":\"SearchAction\",\"target\":{\"@type\":\"EntryPoint\",\"urlTemplate\":\"https:\\\/\\\/armarketingdigital.com\\\/?s={search_term_string}\"},\"query-input\":{\"@type\":\"PropertyValueSpecification\",\"valueRequired\":true,\"valueName\":\"search_term_string\"}}],\"inLanguage\":\"en-US\"},{\"@type\":[\"Organization\",\"Place\"],\"@id\":\"https:\\\/\\\/armarketingdigital.com\\\/#organization\",\"name\":\"AR MARKETING DIGITAL\",\"url\":\"https:\\\/\\\/armarketingdigital.com\\\/\",\"logo\":{\"@id\":\"https:\\\/\\\/armarketingdigital.com\\\/capacitaciones\\\/#local-main-organization-logo\"},\"image\":{\"@id\":\"https:\\\/\\\/armarketingdigital.com\\\/capacitaciones\\\/#local-main-organization-logo\"},\"sameAs\":[\"https:\\\/\\\/www.facebook.com\\\/armarketingdigital.col\",\"https:\\\/\\\/www.instagram.com\\\/ar_marketingdigital\\\/\"],\"address\":{\"@id\":\"https:\\\/\\\/armarketingdigital.com\\\/capacitaciones\\\/#local-main-place-address\"},\"telephone\":[\"3105324575\"],\"openingHoursSpecification\":{\"@type\":\"OpeningHoursSpecification\",\"dayOfWeek\":[\"Monday\",\"Tuesday\",\"Wednesday\",\"Thursday\",\"Friday\",\"Saturday\",\"Sunday\"],\"opens\":\"00:00\",\"closes\":\"23:59\"},\"email\":\"agencia@armarketingdigital.com\"},{\"@type\":\"PostalAddress\",\"@id\":\"https:\\\/\\\/armarketingdigital.com\\\/capacitaciones\\\/#local-main-place-address\",\"streetAddress\":\"V\u00eda la reforma, callejon el rodadero - Casa 3, Cali, Valle del Cauca\",\"addressLocality\":\"Cali\",\"postalCode\":\"00000\",\"addressCountry\":\"CO\"},{\"@type\":\"ImageObject\",\"inLanguage\":\"en-US\",\"@id\":\"https:\\\/\\\/armarketingdigital.com\\\/capacitaciones\\\/#local-main-organization-logo\",\"url\":\"https:\\\/\\\/armarketingdigital.com\\\/wp-content\\\/uploads\\\/2021\\\/12\\\/logo-ar.png\",\"contentUrl\":\"https:\\\/\\\/armarketingdigital.com\\\/wp-content\\\/uploads\\\/2021\\\/12\\\/logo-ar.png\",\"width\":625,\"height\":625,\"caption\":\"AR MARKETING DIGITAL\"}]}<\/script>\n<meta name=\"geo.placename\" content=\"Cali\" \/>\n<meta name=\"geo.region\" content=\"Colombia\" \/>\n<!-- \/ Yoast SEO Premium plugin. -->","yoast_head_json":{"title":"Capacitaciones | AR Marketing Digital","robots":{"index":"index","follow":"follow","max-snippet":"max-snippet:-1","max-image-preview":"max-image-preview:large","max-video-preview":"max-video-preview:-1"},"canonical":"https:\/\/armarketingdigital.com\/en\/capacitaciones\/","og_locale":"en_US","og_type":"article","og_title":"Capacitaciones","og_description":"CAPACITACIONES https:\/\/www.youtube.com\/watch?v=f7NQpxovKz0https:\/\/www.youtube.com\/watch?v=SjJ9dSIE1Oohttps:\/\/www.youtube.com\/watch?v=ntt6UNpfqTMhttps:\/\/www.youtube.com\/watch?v=KJvd2jDpRrshttps:\/\/www.youtube.com\/watch?v=g9PueMxwxK8https:\/\/www.youtube.com\/watch?v=FXWXYagRvZEhttps:\/\/www.youtube.com\/watch?v=60eTJCb_wnkhttps:\/\/www.youtube.com\/watch?v=yt01qyNPR30","og_url":"https:\/\/armarketingdigital.com\/en\/capacitaciones\/","og_site_name":"AR Marketing Digital","article_publisher":"https:\/\/www.facebook.com\/armarketingdigital.col","article_modified_time":"2023-08-08T13:19:04+00:00","og_image":[{"url":"https:\/\/armarketingdigital.com\/wp-content\/uploads\/2023\/07\/baner1920x10806.png","type":"","width":"","height":""}],"twitter_card":"summary_large_image","twitter_misc":{"Est. reading time":"1 minute"},"schema":{"@context":"https:\/\/schema.org","@graph":[{"@type":"WebPage","@id":"https:\/\/armarketingdigital.com\/capacitaciones\/","url":"https:\/\/armarketingdigital.com\/capacitaciones\/","name":"Capacitaciones | AR Marketing Digital","isPartOf":{"@id":"https:\/\/armarketingdigital.com\/#website"},"primaryImageOfPage":{"@id":"https:\/\/armarketingdigital.com\/capacitaciones\/#primaryimage"},"image":{"@id":"https:\/\/armarketingdigital.com\/capacitaciones\/#primaryimage"},"thumbnailUrl":"https:\/\/armarketingdigital.com\/wp-content\/uploads\/2023\/07\/baner1920x10806.png","datePublished":"2023-08-08T13:12:43+00:00","dateModified":"2023-08-08T13:19:04+00:00","breadcrumb":{"@id":"https:\/\/armarketingdigital.com\/capacitaciones\/#breadcrumb"},"inLanguage":"en-US","potentialAction":[{"@type":"ReadAction","target":["https:\/\/armarketingdigital.com\/capacitaciones\/"]}]},{"@type":"ImageObject","inLanguage":"en-US","@id":"https:\/\/armarketingdigital.com\/capacitaciones\/#primaryimage","url":"https:\/\/armarketingdigital.com\/wp-content\/uploads\/2023\/07\/baner1920x10806.png","contentUrl":"https:\/\/armarketingdigital.com\/wp-content\/uploads\/2023\/07\/baner1920x10806.png"},{"@type":"BreadcrumbList","@id":"https:\/\/armarketingdigital.com\/capacitaciones\/#breadcrumb","itemListElement":[{"@type":"ListItem","position":1,"name":"Portada","item":"https:\/\/armarketingdigital.com\/"},{"@type":"ListItem","position":2,"name":"Capacitaciones"}]},{"@type":"WebSite","@id":"https:\/\/armarketingdigital.com\/#website","url":"https:\/\/armarketingdigital.com\/","name":"AR Marketing Digital","description":"Somos expertos centrados en dise\u00f1os y estrategias de marketing digital, enfocados en posicionar su producto como l\u00edder del mercado. Centramos nuestra actividad en potenciar su marca para generar un v\u00ednculo con el consumidor incrementando as\u00ed el valor de su producto y los beneficios para su empresa.","publisher":{"@id":"https:\/\/armarketingdigital.com\/#organization"},"potentialAction":[{"@type":"SearchAction","target":{"@type":"EntryPoint","urlTemplate":"https:\/\/armarketingdigital.com\/?s={search_term_string}"},"query-input":{"@type":"PropertyValueSpecification","valueRequired":true,"valueName":"search_term_string"}}],"inLanguage":"en-US"},{"@type":["Organization","Place"],"@id":"https:\/\/armarketingdigital.com\/#organization","name":"AR MARKETING DIGITAL","url":"https:\/\/armarketingdigital.com\/","logo":{"@id":"https:\/\/armarketingdigital.com\/capacitaciones\/#local-main-organization-logo"},"image":{"@id":"https:\/\/armarketingdigital.com\/capacitaciones\/#local-main-organization-logo"},"sameAs":["https:\/\/www.facebook.com\/armarketingdigital.col","https:\/\/www.instagram.com\/ar_marketingdigital\/"],"address":{"@id":"https:\/\/armarketingdigital.com\/capacitaciones\/#local-main-place-address"},"telephone":["3105324575"],"openingHoursSpecification":{"@type":"OpeningHoursSpecification","dayOfWeek":["Monday","Tuesday","Wednesday","Thursday","Friday","Saturday","Sunday"],"opens":"00:00","closes":"23:59"},"email":"agencia@armarketingdigital.com"},{"@type":"PostalAddress","@id":"https:\/\/armarketingdigital.com\/capacitaciones\/#local-main-place-address","streetAddress":"V\u00eda la reforma, callejon el rodadero - Casa 3, Cali, Valle del Cauca","addressLocality":"Cali","postalCode":"00000","addressCountry":"CO"},{"@type":"ImageObject","inLanguage":"en-US","@id":"https:\/\/armarketingdigital.com\/capacitaciones\/#local-main-organization-logo","url":"https:\/\/armarketingdigital.com\/wp-content\/uploads\/2021\/12\/logo-ar.png","contentUrl":"https:\/\/armarketingdigital.com\/wp-content\/uploads\/2021\/12\/logo-ar.png","width":625,"height":625,"caption":"AR MARKETING DIGITAL"}]},"geo.placename":"Cali","geo.region":"Colombia"},"_links":{"self":[{"href":"https:\/\/armarketingdigital.com\/en\/wp-json\/wp\/v2\/pages\/32633","targetHints":{"allow":["GET"]}}],"collection":[{"href":"https:\/\/armarketingdigital.com\/en\/wp-json\/wp\/v2\/pages"}],"about":[{"href":"https:\/\/armarketingdigital.com\/en\/wp-json\/wp\/v2\/types\/page"}],"author":[{"embeddable":true,"href":"https:\/\/armarketingdigital.com\/en\/wp-json\/wp\/v2\/users\/8"}],"replies":[{"embeddable":true,"href":"https:\/\/armarketingdigital.com\/en\/wp-json\/wp\/v2\/comments?post=32633"}],"version-history":[{"count":0,"href":"https:\/\/armarketingdigital.com\/en\/wp-json\/wp\/v2\/pages\/32633\/revisions"}],"wp:attachment":[{"href":"https:\/\/armarketingdigital.com\/en\/wp-json\/wp\/v2\/media?parent=32633"}],"curies":[{"name":"wp","href":"https:\/\/api.w.org\/{rel}","templated":true}]}}