{"id":32999,"date":"2024-03-05T02:24:16","date_gmt":"2024-03-05T02:24:16","guid":{"rendered":"https:\/\/armarketingdigital.com\/?page_id=32999"},"modified":"2024-03-05T22:44:30","modified_gmt":"2024-03-05T22:44:30","slug":"oferta-2024-lp1","status":"publish","type":"page","link":"https:\/\/armarketingdigital.com\/en\/oferta-2024-lp1\/","title":{"rendered":"Landing 1 &#8211; Embudo Website &#8211; 2024"},"content":{"rendered":"<div data-elementor-type=\"wp-page\" data-elementor-id=\"32999\" class=\"elementor elementor-32999\" data-elementor-post-type=\"page\">\n\t\t\t\t\t\t<section class=\"elementor-section elementor-top-section elementor-element elementor-element-4e2507c elementor-section-boxed elementor-section-height-default elementor-section-height-default\" data-id=\"4e2507c\" data-element_type=\"section\" data-e-type=\"section\" data-settings=\"{&quot;background_background&quot;:&quot;classic&quot;}\">\n\t\t\t\t\t\t<div class=\"elementor-container elementor-column-gap-default\">\n\t\t\t\t\t<div class=\"elementor-column elementor-col-100 elementor-top-column elementor-element elementor-element-0b651a5\" data-id=\"0b651a5\" data-element_type=\"column\" data-e-type=\"column\">\n\t\t\t<div class=\"elementor-widget-wrap elementor-element-populated\">\n\t\t\t\t\t\t<div class=\"elementor-element elementor-element-edd09a5 de_scroll_animation_no elementor-widget elementor-widget-image\" data-id=\"edd09a5\" data-element_type=\"widget\" data-e-type=\"widget\" data-widget_type=\"image.default\">\n\t\t\t\t<div class=\"elementor-widget-container\">\n\t\t\t\t\t\t\t\t\t\t\t\t\t\t\t<img decoding=\"async\" width=\"200\" height=\"50\" src=\"https:\/\/armarketingdigital.com\/wp-content\/uploads\/2024\/02\/logo-ar.png\" class=\"attachment-large size-large wp-image-32850\" alt=\"\" srcset=\"https:\/\/armarketingdigital.com\/wp-content\/uploads\/2024\/02\/logo-ar.png 200w, https:\/\/armarketingdigital.com\/wp-content\/uploads\/2024\/02\/logo-ar-18x5.png 18w\" sizes=\"(max-width: 200px) 100vw, 200px\" \/>\t\t\t\t\t\t\t\t\t\t\t\t\t\t\t<\/div>\n\t\t\t\t<\/div>\n\t\t\t\t\t<\/div>\n\t\t<\/div>\n\t\t\t\t\t<\/div>\n\t\t<\/section>\n\t\t\t\t<section class=\"elementor-section elementor-top-section elementor-element elementor-element-70be7b8 elementor-section-boxed elementor-section-height-default elementor-section-height-default\" data-id=\"70be7b8\" data-element_type=\"section\" data-e-type=\"section\" data-settings=\"{&quot;background_background&quot;:&quot;classic&quot;}\">\n\t\t\t\t\t\t\t<div class=\"elementor-background-overlay\"><\/div>\n\t\t\t\t\t\t\t<div class=\"elementor-container elementor-column-gap-default\">\n\t\t\t\t\t<div class=\"elementor-column elementor-col-100 elementor-top-column elementor-element elementor-element-944b7c3\" data-id=\"944b7c3\" data-element_type=\"column\" data-e-type=\"column\">\n\t\t\t<div class=\"elementor-widget-wrap elementor-element-populated\">\n\t\t\t\t\t\t<div class=\"elementor-element elementor-element-d008ac9 de_scroll_animation_no elementor-widget elementor-widget-text-editor\" data-id=\"d008ac9\" data-element_type=\"widget\" data-e-type=\"widget\" data-widget_type=\"text-editor.default\">\n\t\t\t\t<div class=\"elementor-widget-container\">\n\t\t\t\t\t\t\t\t\t<p>Encuentre<span style=\"color: #ffdb0f;\"> <b>clientes nuevos<\/b><\/span> todos los d\u00edas con su <b>p\u00e1gina Web<\/b>\u00a0Impactante<\/p>\t\t\t\t\t\t\t\t<\/div>\n\t\t\t\t<\/div>\n\t\t\t\t<div class=\"elementor-element elementor-element-0b20f0b de_scroll_animation_no elementor-widget elementor-widget-text-editor\" data-id=\"0b20f0b\" data-element_type=\"widget\" data-e-type=\"widget\" data-widget_type=\"text-editor.default\">\n\t\t\t\t<div class=\"elementor-widget-container\">\n\t\t\t\t\t\t\t\t\tDeja que tu sitio 100% comercial trabaje por ti: Superamos tus expectativas o <br><span style=\"color: #ffdb0f;\"><b>te devolvemos el dinero<\/b>.<\/span> \u00a1Convierte visitas en clientes ahora!\t\t\t\t\t\t\t\t<\/div>\n\t\t\t\t<\/div>\n\t\t\t\t<div class=\"elementor-element elementor-element-30a60c6 premium-modal-dismissible-yes de_scroll_animation_no elementor-widget elementor-widget-premium-addon-modal-box\" data-id=\"30a60c6\" data-element_type=\"widget\" data-e-type=\"widget\" data-settings=\"{&quot;premium_modal_box_animation&quot;:&quot;fadeInDown&quot;}\" data-widget_type=\"premium-addon-modal-box.default\">\n\t\t\t\t<div class=\"elementor-widget-container\">\n\t\t\t\t\t\n\t\t<div class=\"premium-modal-box-container\" data-settings=\"{&quot;trigger&quot;:&quot;button&quot;,&quot;show_on_exit&quot;:false}\">\n\t\t\t<div class=\"premium-modal-trigger-container\">\n\t\t\t\t\t\t\t\t\t<button data-toggle=\"premium-modal\" data-target=\"#premium-modal-30a60c6\" type=\"button\" class=\"premium-modal-trigger-btn premium-btn-lg premium-button-none\" data-text=\"\u00a1QUIERO CONOCER SU PORTAFOLIO!\">\n\n\t\t\t\t\t\t\n\t\t\t\t\t\t<div class=\"premium-button-text-icon-wrapper\">\n\t\t\t\t\t\t\t<span>\u00a1QUIERO CONOCER SU PORTAFOLIO!<\/span>\n\t\t\t\t\t\t<\/div>\n\n\t\t\t\t\t\t\n\t\t\t\t\t\t\n\t\t\t\t\t\t\n\t\t\t\t\t<\/button>\n\t\t\t\t\t\t\t<\/div>\n\n\t\t\t<div id=\"premium-modal-30a60c6\" class=\"premium-modal-box-modal\"\n\t\t\trole=\"dialog\"\n\t\t\tstyle=\"display: none\"\n\t\t\t>\n\t\t\t\t<div class=\"premium-modal-box-modal-dialog\" data-delay-animation=\"\" data-modal-animation=\"fadeInDown animated-fast\">\n\t\t\t\t\t\t\t\t\t\t\t<div class=\"premium-modal-box-modal-header\">\n\t\t\t\t\t\t\t\t\t\t\t\t\t\t\t\t\t\t\t\t<\/div>\n\t\t\t\t\t\t\t\t\t\t<div class=\"premium-modal-box-modal-body\">\n\t\t\t\t\t\t\n\t\t\t\t\t\t\t<style>.elementor-33034 .elementor-element.elementor-element-1c6a3756{transition:all 400ms;}.elementor-33034 .elementor-element.elementor-element-5b764167{transition:all 400ms;}.elementor-33034 .elementor-element.elementor-element-37406914{padding:0% 20% 0% 20%;transition:all 400ms;}.elementor-33034 .elementor-element.elementor-element-65b90688{transition:all 400ms;}.elementor-33034 .elementor-element.elementor-element-69aa996f{text-align:center;font-family:\"Helvetica\", Sans-serif;font-size:22px;font-weight:500;line-height:1.3em;color:#1F1F1F;transition:all 400ms;}.elementor-33034 .elementor-element.elementor-element-69aa996f > .elementor-widget-container{margin:1% 0% 2% 0%;}.elementor-33034 .elementor-element.elementor-element-2fca2bda{padding:0% 12% 0% 12%;transition:all 400ms;}.elementor-33034 .elementor-element.elementor-element-53395bd2{transition:all 400ms;}.elementor-33034 .elementor-element.elementor-element-770a6261{transition:all 400ms;}body.elementor-page-33034{padding:5% 0% 5% 0%;}body.elementor-page-33034:not(.elementor-motion-effects-element-type-background), body.elementor-page-33034 > .elementor-motion-effects-container > .elementor-motion-effects-layer{background-color:#FFFFFF;}@media(max-width:1024px){body.elementor-page-33034{padding:10% 0% 10% 0%;}}@media(max-width:767px){.elementor-33034 .elementor-element.elementor-element-37406914{padding:0% 5% 0% 5%;}.elementor-33034 .elementor-element.elementor-element-69aa996f{font-size:24px;}}<\/style>\t\t<div data-elementor-type=\"page\" data-elementor-id=\"33034\" class=\"elementor elementor-33034\" data-elementor-post-type=\"elementor_library\">\n\t\t\t\t\t\t<section class=\"elementor-section elementor-top-section elementor-element elementor-element-1c6a3756 elementor-section-boxed elementor-section-height-default elementor-section-height-default\" data-id=\"1c6a3756\" data-element_type=\"section\" data-e-type=\"section\">\n\t\t\t\t\t\t<div class=\"elementor-container elementor-column-gap-no\">\n\t\t\t\t\t<div class=\"elementor-column elementor-col-100 elementor-top-column elementor-element elementor-element-5b764167\" data-id=\"5b764167\" data-element_type=\"column\" data-e-type=\"column\">\n\t\t\t<div class=\"elementor-widget-wrap elementor-element-populated\">\n\t\t\t\t\t\t<section class=\"elementor-section elementor-inner-section elementor-element elementor-element-37406914 elementor-section-boxed elementor-section-height-default elementor-section-height-default\" data-id=\"37406914\" data-element_type=\"section\" data-e-type=\"section\">\n\t\t\t\t\t\t<div class=\"elementor-container elementor-column-gap-no\">\n\t\t\t\t\t<div class=\"elementor-column elementor-col-100 elementor-inner-column elementor-element elementor-element-65b90688\" data-id=\"65b90688\" data-element_type=\"column\" data-e-type=\"column\">\n\t\t\t<div class=\"elementor-widget-wrap elementor-element-populated\">\n\t\t\t\t\t\t<div class=\"elementor-element elementor-element-69aa996f de_scroll_animation_no elementor-widget elementor-widget-text-editor\" data-id=\"69aa996f\" data-element_type=\"widget\" data-e-type=\"widget\" data-widget_type=\"text-editor.default\">\n\t\t\t\t<div class=\"elementor-widget-container\">\n\t\t\t\t\t\t\t\t\t<p>Ingresa tus datos para ver como encontrar clientes nuevos todos los d\u00edas con su p\u00e1gina web<\/p>\t\t\t\t\t\t\t\t<\/div>\n\t\t\t\t<\/div>\n\t\t\t\t\t<\/div>\n\t\t<\/div>\n\t\t\t\t\t<\/div>\n\t\t<\/section>\n\t\t\t\t<section class=\"elementor-section elementor-inner-section elementor-element elementor-element-2fca2bda elementor-section-boxed elementor-section-height-default elementor-section-height-default\" data-id=\"2fca2bda\" data-element_type=\"section\" data-e-type=\"section\">\n\t\t\t\t\t\t<div class=\"elementor-container elementor-column-gap-no\">\n\t\t\t\t\t<div class=\"elementor-column elementor-col-100 elementor-inner-column elementor-element elementor-element-53395bd2\" data-id=\"53395bd2\" data-element_type=\"column\" data-e-type=\"column\">\n\t\t\t<div class=\"elementor-widget-wrap elementor-element-populated\">\n\t\t\t\t\t\t<div class=\"elementor-element elementor-element-770a6261 de_scroll_animation_no elementor-widget elementor-widget-html\" data-id=\"770a6261\" data-element_type=\"widget\" data-e-type=\"widget\" data-widget_type=\"html.default\">\n\t\t\t\t<div class=\"elementor-widget-container\">\n\t\t\t\t\t<div class=\"_form_1\"><\/div><script src=\"https:\/\/armarketingdigital11438.activehosted.com\/f\/embed.php?id=1\" charset=\"utf-8\"><\/script>\t\t\t\t<\/div>\n\t\t\t\t<\/div>\n\t\t\t\t\t<\/div>\n\t\t<\/div>\n\t\t\t\t\t<\/div>\n\t\t<\/section>\n\t\t\t\t\t<\/div>\n\t\t<\/div>\n\t\t\t\t\t<\/div>\n\t\t<\/section>\n\t\t\t\t<\/div>\n\t\t\n\t\t\t\t\t\t\t\t\t\t\t<\/div>\n\t\t\t\t\t\t\t\t\t<\/div>\n\t\t\t<\/div>\n\t\t<\/div>\n\t\t\t\t\t\t<\/div>\n\t\t\t\t<\/div>\n\t\t\t\t<div class=\"elementor-element elementor-element-9ebb93c de_scroll_animation_no elementor-widget elementor-widget-text-editor\" data-id=\"9ebb93c\" data-element_type=\"widget\" data-e-type=\"widget\" data-widget_type=\"text-editor.default\">\n\t\t\t\t<div class=\"elementor-widget-container\">\n\t\t\t\t\t\t\t\t\t<em>(Solo para negocios y empresas que quieran<br>aumentar sus ventas y posicionamiento de marca)<\/em>\t\t\t\t\t\t\t\t<\/div>\n\t\t\t\t<\/div>\n\t\t\t\t\t<\/div>\n\t\t<\/div>\n\t\t\t\t\t<\/div>\n\t\t<\/section>\n\t\t\t\t<section class=\"elementor-section elementor-top-section elementor-element elementor-element-3d246f2 elementor-section-boxed elementor-section-height-default elementor-section-height-default\" data-id=\"3d246f2\" data-element_type=\"section\" data-e-type=\"section\" data-settings=\"{&quot;background_background&quot;:&quot;classic&quot;}\">\n\t\t\t\t\t\t<div class=\"elementor-container elementor-column-gap-default\">\n\t\t\t\t\t<div class=\"elementor-column elementor-col-100 elementor-top-column elementor-element elementor-element-ca48d03\" data-id=\"ca48d03\" data-element_type=\"column\" data-e-type=\"column\">\n\t\t\t<div class=\"elementor-widget-wrap elementor-element-populated\">\n\t\t\t\t\t\t<div class=\"elementor-element elementor-element-2c3cdd4 de_scroll_animation_no elementor-widget elementor-widget-text-editor\" data-id=\"2c3cdd4\" data-element_type=\"widget\" data-e-type=\"widget\" data-widget_type=\"text-editor.default\">\n\t\t\t\t<div class=\"elementor-widget-container\">\n\t\t\t\t\t\t\t\t\tSi no puedes invertir al menos 750 USD en tu negocio, no podemos ayudarte. <br>Para tener un sitio web impactante y conseguir<strong> CLIENTES NUEVOS<\/strong> <strong>con su p\u00e1gina web<\/strong>, necesitas invertir.\t\t\t\t\t\t\t\t<\/div>\n\t\t\t\t<\/div>\n\t\t\t\t\t<\/div>\n\t\t<\/div>\n\t\t\t\t\t<\/div>\n\t\t<\/section>\n\t\t\t\t<\/div>","protected":false},"excerpt":{"rendered":"<p>Encuentre clientes nuevos todos los d\u00edas con su p\u00e1gina Web\u00a0Impactante Deja que tu sitio 100% comercial trabaje por ti: Superamos tus expectativas o te devolvemos el dinero. \u00a1Convierte visitas en clientes ahora! \u00a1QUIERO CONOCER SU PORTAFOLIO! Ingresa tus datos para ver como encontrar clientes nuevos todos los d\u00edas con su p\u00e1gina web (Solo para negocios [&hellip;]<\/p>\n","protected":false},"author":8,"featured_media":0,"parent":0,"menu_order":0,"comment_status":"closed","ping_status":"closed","template":"elementor_canvas","meta":{"footnotes":""},"class_list":["post-32999","page","type-page","status-publish","hentry"],"yoast_head":"<!-- This site is optimized with the Yoast SEO Premium plugin v21.7 (Yoast SEO v27.3) - https:\/\/yoast.com\/product\/yoast-seo-premium-wordpress\/ -->\n<title>Landing 1 - Embudo Website - 2024 | AR Marketing Digital<\/title>\n<meta name=\"robots\" content=\"index, follow, max-snippet:-1, max-image-preview:large, max-video-preview:-1\" \/>\n<link rel=\"canonical\" href=\"https:\/\/armarketingdigital.com\/en\/oferta-2024-lp1\/\" \/>\n<meta property=\"og:locale\" content=\"en_US\" \/>\n<meta property=\"og:type\" content=\"article\" \/>\n<meta property=\"og:title\" content=\"Landing 1 - Embudo Website - 2024\" \/>\n<meta property=\"og:description\" content=\"Encuentre clientes nuevos todos los d\u00edas con su p\u00e1gina Web\u00a0Impactante Deja que tu sitio 100% comercial trabaje por ti: Superamos tus expectativas o te devolvemos el dinero. \u00a1Convierte visitas en clientes ahora! \u00a1QUIERO CONOCER SU PORTAFOLIO! Ingresa tus datos para ver como encontrar clientes nuevos todos los d\u00edas con su p\u00e1gina web (Solo para negocios [&hellip;]\" \/>\n<meta property=\"og:url\" content=\"https:\/\/armarketingdigital.com\/en\/oferta-2024-lp1\/\" \/>\n<meta property=\"og:site_name\" content=\"AR Marketing Digital\" \/>\n<meta property=\"article:publisher\" content=\"https:\/\/www.facebook.com\/armarketingdigital.col\" \/>\n<meta property=\"article:modified_time\" content=\"2024-03-05T22:44:30+00:00\" \/>\n<meta property=\"og:image\" content=\"https:\/\/armarketingdigital.com\/wp-content\/uploads\/2024\/02\/logo-ar.png\" \/>\n<meta name=\"twitter:card\" content=\"summary_large_image\" \/>\n<meta name=\"twitter:label1\" content=\"Est. reading time\" \/>\n\t<meta name=\"twitter:data1\" content=\"1 minute\" \/>\n<script type=\"application\/ld+json\" class=\"yoast-schema-graph\">{\"@context\":\"https:\\\/\\\/schema.org\",\"@graph\":[{\"@type\":\"WebPage\",\"@id\":\"https:\\\/\\\/armarketingdigital.com\\\/oferta-2024-lp1\\\/\",\"url\":\"https:\\\/\\\/armarketingdigital.com\\\/oferta-2024-lp1\\\/\",\"name\":\"Landing 1 - Embudo Website - 2024 | AR Marketing Digital\",\"isPartOf\":{\"@id\":\"https:\\\/\\\/armarketingdigital.com\\\/#website\"},\"primaryImageOfPage\":{\"@id\":\"https:\\\/\\\/armarketingdigital.com\\\/oferta-2024-lp1\\\/#primaryimage\"},\"image\":{\"@id\":\"https:\\\/\\\/armarketingdigital.com\\\/oferta-2024-lp1\\\/#primaryimage\"},\"thumbnailUrl\":\"https:\\\/\\\/armarketingdigital.com\\\/wp-content\\\/uploads\\\/2024\\\/02\\\/logo-ar.png\",\"datePublished\":\"2024-03-05T02:24:16+00:00\",\"dateModified\":\"2024-03-05T22:44:30+00:00\",\"breadcrumb\":{\"@id\":\"https:\\\/\\\/armarketingdigital.com\\\/oferta-2024-lp1\\\/#breadcrumb\"},\"inLanguage\":\"en-US\",\"potentialAction\":[{\"@type\":\"ReadAction\",\"target\":[\"https:\\\/\\\/armarketingdigital.com\\\/oferta-2024-lp1\\\/\"]}]},{\"@type\":\"ImageObject\",\"inLanguage\":\"en-US\",\"@id\":\"https:\\\/\\\/armarketingdigital.com\\\/oferta-2024-lp1\\\/#primaryimage\",\"url\":\"https:\\\/\\\/armarketingdigital.com\\\/wp-content\\\/uploads\\\/2024\\\/02\\\/logo-ar.png\",\"contentUrl\":\"https:\\\/\\\/armarketingdigital.com\\\/wp-content\\\/uploads\\\/2024\\\/02\\\/logo-ar.png\"},{\"@type\":\"BreadcrumbList\",\"@id\":\"https:\\\/\\\/armarketingdigital.com\\\/oferta-2024-lp1\\\/#breadcrumb\",\"itemListElement\":[{\"@type\":\"ListItem\",\"position\":1,\"name\":\"Portada\",\"item\":\"https:\\\/\\\/armarketingdigital.com\\\/\"},{\"@type\":\"ListItem\",\"position\":2,\"name\":\"Landing 1 &#8211; Embudo Website &#8211; 2024\"}]},{\"@type\":\"WebSite\",\"@id\":\"https:\\\/\\\/armarketingdigital.com\\\/#website\",\"url\":\"https:\\\/\\\/armarketingdigital.com\\\/\",\"name\":\"AR Marketing Digital\",\"description\":\"Somos expertos centrados en dise\u00f1os y estrategias de marketing digital, enfocados en posicionar su producto como l\u00edder del mercado. Centramos nuestra actividad en potenciar su marca para generar un v\u00ednculo con el consumidor incrementando as\u00ed el valor de su producto y los beneficios para su empresa.\",\"publisher\":{\"@id\":\"https:\\\/\\\/armarketingdigital.com\\\/#organization\"},\"potentialAction\":[{\"@type\":\"SearchAction\",\"target\":{\"@type\":\"EntryPoint\",\"urlTemplate\":\"https:\\\/\\\/armarketingdigital.com\\\/?s={search_term_string}\"},\"query-input\":{\"@type\":\"PropertyValueSpecification\",\"valueRequired\":true,\"valueName\":\"search_term_string\"}}],\"inLanguage\":\"en-US\"},{\"@type\":[\"Organization\",\"Place\"],\"@id\":\"https:\\\/\\\/armarketingdigital.com\\\/#organization\",\"name\":\"AR MARKETING DIGITAL\",\"url\":\"https:\\\/\\\/armarketingdigital.com\\\/\",\"logo\":{\"@id\":\"https:\\\/\\\/armarketingdigital.com\\\/oferta-2024-lp1\\\/#local-main-organization-logo\"},\"image\":{\"@id\":\"https:\\\/\\\/armarketingdigital.com\\\/oferta-2024-lp1\\\/#local-main-organization-logo\"},\"sameAs\":[\"https:\\\/\\\/www.facebook.com\\\/armarketingdigital.col\",\"https:\\\/\\\/www.instagram.com\\\/ar_marketingdigital\\\/\"],\"address\":{\"@id\":\"https:\\\/\\\/armarketingdigital.com\\\/oferta-2024-lp1\\\/#local-main-place-address\"},\"telephone\":[\"3105324575\"],\"openingHoursSpecification\":{\"@type\":\"OpeningHoursSpecification\",\"dayOfWeek\":[\"Monday\",\"Tuesday\",\"Wednesday\",\"Thursday\",\"Friday\",\"Saturday\",\"Sunday\"],\"opens\":\"00:00\",\"closes\":\"23:59\"},\"email\":\"agencia@armarketingdigital.com\"},{\"@type\":\"PostalAddress\",\"@id\":\"https:\\\/\\\/armarketingdigital.com\\\/oferta-2024-lp1\\\/#local-main-place-address\",\"streetAddress\":\"V\u00eda la reforma, callejon el rodadero - Casa 3, Cali, Valle del Cauca\",\"addressLocality\":\"Cali\",\"postalCode\":\"00000\",\"addressCountry\":\"CO\"},{\"@type\":\"ImageObject\",\"inLanguage\":\"en-US\",\"@id\":\"https:\\\/\\\/armarketingdigital.com\\\/oferta-2024-lp1\\\/#local-main-organization-logo\",\"url\":\"https:\\\/\\\/armarketingdigital.com\\\/wp-content\\\/uploads\\\/2021\\\/12\\\/logo-ar.png\",\"contentUrl\":\"https:\\\/\\\/armarketingdigital.com\\\/wp-content\\\/uploads\\\/2021\\\/12\\\/logo-ar.png\",\"width\":625,\"height\":625,\"caption\":\"AR MARKETING DIGITAL\"}]}<\/script>\n<meta name=\"geo.placename\" content=\"Cali\" \/>\n<meta name=\"geo.region\" content=\"Colombia\" \/>\n<!-- \/ Yoast SEO Premium plugin. -->","yoast_head_json":{"title":"Landing 1 - Embudo Website - 2024 | AR Marketing Digital","robots":{"index":"index","follow":"follow","max-snippet":"max-snippet:-1","max-image-preview":"max-image-preview:large","max-video-preview":"max-video-preview:-1"},"canonical":"https:\/\/armarketingdigital.com\/en\/oferta-2024-lp1\/","og_locale":"en_US","og_type":"article","og_title":"Landing 1 - Embudo Website - 2024","og_description":"Encuentre clientes nuevos todos los d\u00edas con su p\u00e1gina Web\u00a0Impactante Deja que tu sitio 100% comercial trabaje por ti: Superamos tus expectativas o te devolvemos el dinero. \u00a1Convierte visitas en clientes ahora! \u00a1QUIERO CONOCER SU PORTAFOLIO! Ingresa tus datos para ver como encontrar clientes nuevos todos los d\u00edas con su p\u00e1gina web (Solo para negocios [&hellip;]","og_url":"https:\/\/armarketingdigital.com\/en\/oferta-2024-lp1\/","og_site_name":"AR Marketing Digital","article_publisher":"https:\/\/www.facebook.com\/armarketingdigital.col","article_modified_time":"2024-03-05T22:44:30+00:00","og_image":[{"url":"https:\/\/armarketingdigital.com\/wp-content\/uploads\/2024\/02\/logo-ar.png","type":"","width":"","height":""}],"twitter_card":"summary_large_image","twitter_misc":{"Est. reading time":"1 minute"},"schema":{"@context":"https:\/\/schema.org","@graph":[{"@type":"WebPage","@id":"https:\/\/armarketingdigital.com\/oferta-2024-lp1\/","url":"https:\/\/armarketingdigital.com\/oferta-2024-lp1\/","name":"Landing 1 - Embudo Website - 2024 | AR Marketing Digital","isPartOf":{"@id":"https:\/\/armarketingdigital.com\/#website"},"primaryImageOfPage":{"@id":"https:\/\/armarketingdigital.com\/oferta-2024-lp1\/#primaryimage"},"image":{"@id":"https:\/\/armarketingdigital.com\/oferta-2024-lp1\/#primaryimage"},"thumbnailUrl":"https:\/\/armarketingdigital.com\/wp-content\/uploads\/2024\/02\/logo-ar.png","datePublished":"2024-03-05T02:24:16+00:00","dateModified":"2024-03-05T22:44:30+00:00","breadcrumb":{"@id":"https:\/\/armarketingdigital.com\/oferta-2024-lp1\/#breadcrumb"},"inLanguage":"en-US","potentialAction":[{"@type":"ReadAction","target":["https:\/\/armarketingdigital.com\/oferta-2024-lp1\/"]}]},{"@type":"ImageObject","inLanguage":"en-US","@id":"https:\/\/armarketingdigital.com\/oferta-2024-lp1\/#primaryimage","url":"https:\/\/armarketingdigital.com\/wp-content\/uploads\/2024\/02\/logo-ar.png","contentUrl":"https:\/\/armarketingdigital.com\/wp-content\/uploads\/2024\/02\/logo-ar.png"},{"@type":"BreadcrumbList","@id":"https:\/\/armarketingdigital.com\/oferta-2024-lp1\/#breadcrumb","itemListElement":[{"@type":"ListItem","position":1,"name":"Portada","item":"https:\/\/armarketingdigital.com\/"},{"@type":"ListItem","position":2,"name":"Landing 1 &#8211; Embudo Website &#8211; 2024"}]},{"@type":"WebSite","@id":"https:\/\/armarketingdigital.com\/#website","url":"https:\/\/armarketingdigital.com\/","name":"AR Marketing Digital","description":"Somos expertos centrados en dise\u00f1os y estrategias de marketing digital, enfocados en posicionar su producto como l\u00edder del mercado. Centramos nuestra actividad en potenciar su marca para generar un v\u00ednculo con el consumidor incrementando as\u00ed el valor de su producto y los beneficios para su empresa.","publisher":{"@id":"https:\/\/armarketingdigital.com\/#organization"},"potentialAction":[{"@type":"SearchAction","target":{"@type":"EntryPoint","urlTemplate":"https:\/\/armarketingdigital.com\/?s={search_term_string}"},"query-input":{"@type":"PropertyValueSpecification","valueRequired":true,"valueName":"search_term_string"}}],"inLanguage":"en-US"},{"@type":["Organization","Place"],"@id":"https:\/\/armarketingdigital.com\/#organization","name":"AR MARKETING DIGITAL","url":"https:\/\/armarketingdigital.com\/","logo":{"@id":"https:\/\/armarketingdigital.com\/oferta-2024-lp1\/#local-main-organization-logo"},"image":{"@id":"https:\/\/armarketingdigital.com\/oferta-2024-lp1\/#local-main-organization-logo"},"sameAs":["https:\/\/www.facebook.com\/armarketingdigital.col","https:\/\/www.instagram.com\/ar_marketingdigital\/"],"address":{"@id":"https:\/\/armarketingdigital.com\/oferta-2024-lp1\/#local-main-place-address"},"telephone":["3105324575"],"openingHoursSpecification":{"@type":"OpeningHoursSpecification","dayOfWeek":["Monday","Tuesday","Wednesday","Thursday","Friday","Saturday","Sunday"],"opens":"00:00","closes":"23:59"},"email":"agencia@armarketingdigital.com"},{"@type":"PostalAddress","@id":"https:\/\/armarketingdigital.com\/oferta-2024-lp1\/#local-main-place-address","streetAddress":"V\u00eda la reforma, callejon el rodadero - Casa 3, Cali, Valle del Cauca","addressLocality":"Cali","postalCode":"00000","addressCountry":"CO"},{"@type":"ImageObject","inLanguage":"en-US","@id":"https:\/\/armarketingdigital.com\/oferta-2024-lp1\/#local-main-organization-logo","url":"https:\/\/armarketingdigital.com\/wp-content\/uploads\/2021\/12\/logo-ar.png","contentUrl":"https:\/\/armarketingdigital.com\/wp-content\/uploads\/2021\/12\/logo-ar.png","width":625,"height":625,"caption":"AR MARKETING DIGITAL"}]},"geo.placename":"Cali","geo.region":"Colombia"},"_links":{"self":[{"href":"https:\/\/armarketingdigital.com\/en\/wp-json\/wp\/v2\/pages\/32999","targetHints":{"allow":["GET"]}}],"collection":[{"href":"https:\/\/armarketingdigital.com\/en\/wp-json\/wp\/v2\/pages"}],"about":[{"href":"https:\/\/armarketingdigital.com\/en\/wp-json\/wp\/v2\/types\/page"}],"author":[{"embeddable":true,"href":"https:\/\/armarketingdigital.com\/en\/wp-json\/wp\/v2\/users\/8"}],"replies":[{"embeddable":true,"href":"https:\/\/armarketingdigital.com\/en\/wp-json\/wp\/v2\/comments?post=32999"}],"version-history":[{"count":0,"href":"https:\/\/armarketingdigital.com\/en\/wp-json\/wp\/v2\/pages\/32999\/revisions"}],"wp:attachment":[{"href":"https:\/\/armarketingdigital.com\/en\/wp-json\/wp\/v2\/media?parent=32999"}],"curies":[{"name":"wp","href":"https:\/\/api.w.org\/{rel}","templated":true}]}}